{"id":27125,"date":"2021-06-15T12:40:21","date_gmt":"2021-06-15T09:40:21","guid":{"rendered":"https:\/\/ddt.lv\/lv\/product\/pygmy-oven-e14-25w-130lm-300c-3000k-avide-spuldze\/"},"modified":"2026-04-09T12:00:25","modified_gmt":"2026-04-09T09:00:25","slug":"pygmy-oven-e14-25w-130lm-300c-3000k-avide-spuldze","status":"publish","type":"product","link":"https:\/\/ddt.lv\/lv\/product\/pygmy-oven-e14-25w-130lm-300c-3000k-avide-spuldze\/","title":{"rendered":"Pygmy Oven E14 25W 130lm 300&#8217;C 3000K AVIDE spuldze"},"content":{"rendered":"<p><img loading=\"lazy\" decoding=\"async\" class=\"alignnone size-medium wp-image-27132\" src=\"https:\/\/ddt.lv\/wp-content\/uploads\/2021\/06\/4-11-300x90.jpg\" alt=\"\" width=\"300\" height=\"90\" srcset=\"https:\/\/ddt.lv\/wp-content\/uploads\/2021\/06\/4-11-300x90.jpg 300w, https:\/\/ddt.lv\/wp-content\/uploads\/2021\/06\/4-11-333x100.jpg 333w, https:\/\/ddt.lv\/wp-content\/uploads\/2021\/06\/4-11.jpg 346w\" sizes=\"(max-width: 300px) 100vw, 300px\" \/><br \/>\nAvide spuldze 25W, E14 b\u0101ze, silta gaisma 3000 K,130 l\u016bmena spilgtuma spuldze, kas izmantojamas ledusskapjos un kr\u0101sn\u012bs.<\/p>","protected":false},"excerpt":{"rendered":"<p>Avide spuldze 25W, E14 b\u0101ze, silta gaisma 3000 K,130 l\u016bmena spilgtuma spuldze, kas izmantojamas ledusskapjos un kr\u0101sn\u012bs.<\/p>\n","protected":false},"featured_media":27134,"comment_status":"closed","ping_status":"closed","template":"","meta":{"inline_featured_image":false},"product_cat":[856],"product_tag":[],"yst_prominent_words":[],"class_list":{"0":"post-27125","1":"product","2":"type-product","3":"status-publish","4":"has-post-thumbnail","6":"product_cat-spec-pielietojuma-kvelspuldzes-spuldzes","8":"first","9":"instock","10":"taxable","11":"shipping-taxable","12":"purchasable","13":"product-type-simple"},"jetpack_sharing_enabled":true,"_links":{"self":[{"href":"https:\/\/ddt.lv\/lv\/wp-json\/wp\/v2\/product\/27125"}],"collection":[{"href":"https:\/\/ddt.lv\/lv\/wp-json\/wp\/v2\/product"}],"about":[{"href":"https:\/\/ddt.lv\/lv\/wp-json\/wp\/v2\/types\/product"}],"replies":[{"embeddable":true,"href":"https:\/\/ddt.lv\/lv\/wp-json\/wp\/v2\/comments?post=27125"}],"wp:featuredmedia":[{"embeddable":true,"href":"https:\/\/ddt.lv\/lv\/wp-json\/wp\/v2\/media\/27134"}],"wp:attachment":[{"href":"https:\/\/ddt.lv\/lv\/wp-json\/wp\/v2\/media?parent=27125"}],"wp:term":[{"taxonomy":"product_cat","embeddable":true,"href":"https:\/\/ddt.lv\/lv\/wp-json\/wp\/v2\/product_cat?post=27125"},{"taxonomy":"product_tag","embeddable":true,"href":"https:\/\/ddt.lv\/lv\/wp-json\/wp\/v2\/product_tag?post=27125"},{"taxonomy":"yst_prominent_words","embeddable":true,"href":"https:\/\/ddt.lv\/lv\/wp-json\/wp\/v2\/yst_prominent_words?post=27125"}],"curies":[{"name":"wp","href":"https:\/\/api.w.org\/{rel}","templated":true}]}}