{"id":27124,"date":"2021-06-15T12:40:20","date_gmt":"2021-06-15T09:40:20","guid":{"rendered":"https:\/\/ddt.lv\/lv\/product\/cr1620-3v-5bb-baterija-litija-agfaphoto\/"},"modified":"2026-04-13T09:56:34","modified_gmt":"2026-04-13T06:56:34","slug":"cr1620-3v-5bb-baterija-litija-agfaphoto","status":"publish","type":"product","link":"https:\/\/ddt.lv\/lv\/product\/cr1620-3v-5bb-baterija-litija-agfaphoto\/","title":{"rendered":"CR1620 3V 5BB baterija Litija AGFAPHOTO"},"content":{"rendered":"<p>\u012apa\u0161a pogveida litija baterija<br \/>\nIzmantojiet rokas pulkste\u0146os, neliel\u0101s kabatas sp\u0113l\u0113s un rota\u013cliet\u0101s, t\u0101lvad\u012bbas pult\u012b vai kabatas kalkulatoros<br \/>\nApz\u012bm\u0113jums: CR1620<br \/>\nIepakojums: 5 gab. Blister\u012b.<\/p>","protected":false},"excerpt":{"rendered":"<p>\u012apa\u0161a pogveida litija baterija Izmantojiet rokas pulkste\u0146os, neliel\u0101s kabatas sp\u0113l\u0113s un rota\u013cliet\u0101s, t\u0101lvad\u012bbas pult\u012b vai kabatas kalkulatoros Apz\u012bm\u0113jums: CR1620 Iepakojums: 5 gab. Blister\u012b.<\/p>\n","protected":false},"featured_media":27130,"comment_status":"closed","ping_status":"closed","template":"","meta":{"inline_featured_image":false},"product_cat":[450],"product_tag":[],"yst_prominent_words":[],"class_list":{"0":"post-27124","1":"product","2":"type-product","3":"status-publish","4":"has-post-thumbnail","6":"product_cat-litija-tablesveida","8":"first","9":"instock","10":"taxable","11":"shipping-taxable","12":"purchasable","13":"product-type-simple"},"jetpack_sharing_enabled":true,"_links":{"self":[{"href":"https:\/\/ddt.lv\/lv\/wp-json\/wp\/v2\/product\/27124"}],"collection":[{"href":"https:\/\/ddt.lv\/lv\/wp-json\/wp\/v2\/product"}],"about":[{"href":"https:\/\/ddt.lv\/lv\/wp-json\/wp\/v2\/types\/product"}],"replies":[{"embeddable":true,"href":"https:\/\/ddt.lv\/lv\/wp-json\/wp\/v2\/comments?post=27124"}],"wp:featuredmedia":[{"embeddable":true,"href":"https:\/\/ddt.lv\/lv\/wp-json\/wp\/v2\/media\/27130"}],"wp:attachment":[{"href":"https:\/\/ddt.lv\/lv\/wp-json\/wp\/v2\/media?parent=27124"}],"wp:term":[{"taxonomy":"product_cat","embeddable":true,"href":"https:\/\/ddt.lv\/lv\/wp-json\/wp\/v2\/product_cat?post=27124"},{"taxonomy":"product_tag","embeddable":true,"href":"https:\/\/ddt.lv\/lv\/wp-json\/wp\/v2\/product_tag?post=27124"},{"taxonomy":"yst_prominent_words","embeddable":true,"href":"https:\/\/ddt.lv\/lv\/wp-json\/wp\/v2\/yst_prominent_words?post=27124"}],"curies":[{"name":"wp","href":"https:\/\/api.w.org\/{rel}","templated":true}]}}