{"id":27109,"date":"2021-06-14T13:10:15","date_gmt":"2021-06-14T10:10:15","guid":{"rendered":"https:\/\/ddt.lv\/lv\/product\/pareja-rozete-ar-sledzi-ar-zemejumu-emos\/"},"modified":"2026-04-13T09:48:08","modified_gmt":"2026-04-13T06:48:08","slug":"pareja-rozete-ar-sledzi-ar-zemejumu-emos","status":"publish","type":"product","link":"https:\/\/ddt.lv\/lv\/product\/pareja-rozete-ar-sledzi-ar-zemejumu-emos\/","title":{"rendered":"P\u0101reja rozete ar sl\u0113dzi ar zemejumu EMOS"},"content":{"rendered":"<p>Praktiska SCHUKO kontaktligzda balt\u0101 kr\u0101s\u0101 ar sl\u0113dzi. Sl\u0113dzis \u013cauj \u0101tri, viegli un dro\u0161i atvienot str\u0101vu no pievienot\u0101s ier\u012bces.materi\u0101ls ir plastmasa.<br \/>\nspriegums \/ str\u0101va 250 V ~ \/ 10 A maks.<br \/>\nb\u0113rnu sl\u0113dzene.<\/p>","protected":false},"excerpt":{"rendered":"<p>Praktiska SCHUKO kontaktligzda balt\u0101 kr\u0101s\u0101 ar sl\u0113dzi. Sl\u0113dzis \u013cauj \u0101tri, viegli un dro\u0161i atvienot str\u0101vu no pievienot\u0101s ier\u012bces.materi\u0101ls ir plastmasa. spriegums \/ str\u0101va 250 V ~ \/ 10 A maks. b\u0113rnu sl\u0113dzene.<\/p>\n","protected":false},"featured_media":27118,"comment_status":"closed","ping_status":"closed","template":"","meta":{"inline_featured_image":false},"product_cat":[747],"product_tag":[],"yst_prominent_words":[],"class_list":{"0":"post-27109","1":"product","2":"type-product","3":"status-publish","4":"has-post-thumbnail","6":"product_cat-sadalitaji-adapteri","8":"first","9":"instock","10":"taxable","11":"shipping-taxable","12":"purchasable","13":"product-type-simple"},"jetpack_sharing_enabled":true,"_links":{"self":[{"href":"https:\/\/ddt.lv\/lv\/wp-json\/wp\/v2\/product\/27109"}],"collection":[{"href":"https:\/\/ddt.lv\/lv\/wp-json\/wp\/v2\/product"}],"about":[{"href":"https:\/\/ddt.lv\/lv\/wp-json\/wp\/v2\/types\/product"}],"replies":[{"embeddable":true,"href":"https:\/\/ddt.lv\/lv\/wp-json\/wp\/v2\/comments?post=27109"}],"wp:featuredmedia":[{"embeddable":true,"href":"https:\/\/ddt.lv\/lv\/wp-json\/wp\/v2\/media\/27118"}],"wp:attachment":[{"href":"https:\/\/ddt.lv\/lv\/wp-json\/wp\/v2\/media?parent=27109"}],"wp:term":[{"taxonomy":"product_cat","embeddable":true,"href":"https:\/\/ddt.lv\/lv\/wp-json\/wp\/v2\/product_cat?post=27109"},{"taxonomy":"product_tag","embeddable":true,"href":"https:\/\/ddt.lv\/lv\/wp-json\/wp\/v2\/product_tag?post=27109"},{"taxonomy":"yst_prominent_words","embeddable":true,"href":"https:\/\/ddt.lv\/lv\/wp-json\/wp\/v2\/yst_prominent_words?post=27109"}],"curies":[{"name":"wp","href":"https:\/\/api.w.org\/{rel}","templated":true}]}}