{"id":27108,"date":"2021-06-14T13:10:13","date_gmt":"2021-06-14T10:10:13","guid":{"rendered":"https:\/\/ddt.lv\/lv\/product\/universals-celojumu-adapteris-pareja-emos\/"},"modified":"2026-04-13T09:57:25","modified_gmt":"2026-04-13T06:57:25","slug":"universals-celojumu-adapteris-pareja-emos","status":"publish","type":"product","link":"https:\/\/ddt.lv\/lv\/product\/universals-celojumu-adapteris-pareja-emos\/","title":{"rendered":"Univers\u0101ls ce\u013cojumu adapteris (p\u0101reja) EMOS"},"content":{"rendered":"<p>Augstas kvalit\u0101tes ce\u013cojuma adapteris, kas \u013cauj savienot pasaules kontaktdak\u0161as ar FRENCH vai SCHUKO sist\u0113mu. Paredz\u0113ts \u0101rzemniekiem, kuri n\u0101k no valst\u012bm, kur ligzda un kontaktdak\u0161u sist\u0113ma SCHUKO vai FRENCH netiek izmantota.<br \/>\nbalta kr\u0101sa<br \/>\nspriegums \/ str\u0101va 250 V ~ \/ 16 A maks.<br \/>\ntirdzniec\u012bbas iepakojums 1 gab., k\u0101rba<br \/>\n<\/p>","protected":false},"excerpt":{"rendered":"<p>Augstas kvalit\u0101tes ce\u013cojuma adapteris, kas \u013cauj savienot pasaules kontaktdak\u0161as ar FRENCH vai SCHUKO sist\u0113mu. Paredz\u0113ts \u0101rzemniekiem, kuri n\u0101k no valst\u012bm, kur ligzda un kontaktdak\u0161u sist\u0113ma SCHUKO vai FRENCH netiek izmantota. balta kr\u0101sa spriegums \/ str\u0101va 250 V ~ \/ 16 A maks. tirdzniec\u012bbas iepakojums 1 gab., k\u0101rba<\/p>\n","protected":false},"featured_media":27111,"comment_status":"closed","ping_status":"closed","template":"","meta":{"inline_featured_image":false},"product_cat":[747],"product_tag":[],"yst_prominent_words":[],"class_list":{"0":"post-27108","1":"product","2":"type-product","3":"status-publish","4":"has-post-thumbnail","6":"product_cat-sadalitaji-adapteri","8":"first","9":"instock","10":"taxable","11":"shipping-taxable","12":"purchasable","13":"product-type-simple"},"jetpack_sharing_enabled":true,"_links":{"self":[{"href":"https:\/\/ddt.lv\/lv\/wp-json\/wp\/v2\/product\/27108"}],"collection":[{"href":"https:\/\/ddt.lv\/lv\/wp-json\/wp\/v2\/product"}],"about":[{"href":"https:\/\/ddt.lv\/lv\/wp-json\/wp\/v2\/types\/product"}],"replies":[{"embeddable":true,"href":"https:\/\/ddt.lv\/lv\/wp-json\/wp\/v2\/comments?post=27108"}],"wp:featuredmedia":[{"embeddable":true,"href":"https:\/\/ddt.lv\/lv\/wp-json\/wp\/v2\/media\/27111"}],"wp:attachment":[{"href":"https:\/\/ddt.lv\/lv\/wp-json\/wp\/v2\/media?parent=27108"}],"wp:term":[{"taxonomy":"product_cat","embeddable":true,"href":"https:\/\/ddt.lv\/lv\/wp-json\/wp\/v2\/product_cat?post=27108"},{"taxonomy":"product_tag","embeddable":true,"href":"https:\/\/ddt.lv\/lv\/wp-json\/wp\/v2\/product_tag?post=27108"},{"taxonomy":"yst_prominent_words","embeddable":true,"href":"https:\/\/ddt.lv\/lv\/wp-json\/wp\/v2\/yst_prominent_words?post=27108"}],"curies":[{"name":"wp","href":"https:\/\/api.w.org\/{rel}","templated":true}]}}