{"id":27069,"date":"2021-06-09T14:50:20","date_gmt":"2021-06-09T11:50:20","guid":{"rendered":"https:\/\/ddt.lv\/lv\/product\/57646-mini-2vietiga-ladejama-ierice-2xaa-2100mah-bl1-varta\/"},"modified":"2026-04-08T14:42:28","modified_gmt":"2026-04-08T11:42:28","slug":"57646-mini-2vietiga-ladejama-ierice-2xaa-2100mah-bl1-varta","status":"publish","type":"product","link":"https:\/\/ddt.lv\/lv\/product\/57646-mini-2vietiga-ladejama-ierice-2xaa-2100mah-bl1-varta\/","title":{"rendered":"57646 MINI 2viet\u012bg\u0101 l\u0101d\u0113jam\u0101 ier\u012bce+2XAA 2100mAh BL1 VARTA"},"content":{"rendered":"<p>Viegli lietojams, ar lielisku cenas un kvalit\u0101tes attiec\u012bbu.<br \/>\n    \u013boti izsmalcin\u0101ts dizains.<br \/>\n    Optim\u0101la uzl\u0101des procesa redzam\u012bba, pateicoties LED.<br \/>\n    LED diode ar pat\u012bkamu zilu nokr\u0101su.<br \/>\n    Eleganta un kompakta forma.<br \/>\n    Vienlaic\u012bgi tiek uzl\u0101d\u0113tas 2 AA vai AAA baterijas.<br \/>\n    \u0112rta uzl\u0101d\u0113jamo bateriju no\u0146em\u0161ana.<\/p>\n<p><\/p>","protected":false},"excerpt":{"rendered":"<p>Viegli lietojams, ar lielisku cenas un kvalit\u0101tes attiec\u012bbu. \u013boti izsmalcin\u0101ts dizains. Optim\u0101la uzl\u0101des procesa redzam\u012bba, pateicoties LED. LED diode ar pat\u012bkamu zilu nokr\u0101su. Eleganta un kompakta forma. Vienlaic\u012bgi tiek uzl\u0101d\u0113tas 2 AA vai AAA baterijas. \u0112rta uzl\u0101d\u0113jamo bateriju no\u0146em\u0161ana.<\/p>\n","protected":false},"featured_media":27070,"comment_status":"closed","ping_status":"closed","template":"","meta":{"inline_featured_image":false},"product_cat":[453],"product_tag":[],"yst_prominent_words":[],"class_list":{"0":"post-27069","1":"product","2":"type-product","3":"status-publish","4":"has-post-thumbnail","6":"product_cat-ladesanas-ierices","8":"first","9":"outofstock","10":"taxable","11":"shipping-taxable","12":"purchasable","13":"product-type-simple"},"jetpack_sharing_enabled":true,"_links":{"self":[{"href":"https:\/\/ddt.lv\/lv\/wp-json\/wp\/v2\/product\/27069"}],"collection":[{"href":"https:\/\/ddt.lv\/lv\/wp-json\/wp\/v2\/product"}],"about":[{"href":"https:\/\/ddt.lv\/lv\/wp-json\/wp\/v2\/types\/product"}],"replies":[{"embeddable":true,"href":"https:\/\/ddt.lv\/lv\/wp-json\/wp\/v2\/comments?post=27069"}],"wp:featuredmedia":[{"embeddable":true,"href":"https:\/\/ddt.lv\/lv\/wp-json\/wp\/v2\/media\/27070"}],"wp:attachment":[{"href":"https:\/\/ddt.lv\/lv\/wp-json\/wp\/v2\/media?parent=27069"}],"wp:term":[{"taxonomy":"product_cat","embeddable":true,"href":"https:\/\/ddt.lv\/lv\/wp-json\/wp\/v2\/product_cat?post=27069"},{"taxonomy":"product_tag","embeddable":true,"href":"https:\/\/ddt.lv\/lv\/wp-json\/wp\/v2\/product_tag?post=27069"},{"taxonomy":"yst_prominent_words","embeddable":true,"href":"https:\/\/ddt.lv\/lv\/wp-json\/wp\/v2\/yst_prominent_words?post=27069"}],"curies":[{"name":"wp","href":"https:\/\/api.w.org\/{rel}","templated":true}]}}