{"id":27022,"date":"2021-06-08T13:40:15","date_gmt":"2021-06-08T10:40:15","guid":{"rendered":"https:\/\/ddt.lv\/lv\/product\/velo-lukturu-komplekts-silikona-prieks-aizmug-4xcr2032-emos\/"},"modified":"2026-04-13T09:55:47","modified_gmt":"2026-04-13T06:55:47","slug":"velo-lukturu-komplekts-silikona-prieks-aizmug-4xcr2032-emos","status":"publish","type":"product","link":"https:\/\/ddt.lv\/lv\/product\/velo-lukturu-komplekts-silikona-prieks-aizmug-4xcr2032-emos\/","title":{"rendered":"Velo lukturu komplekts silikona (priek\u0161.+aizmug.)4xCR2032 EMOS"},"content":{"rendered":"<p>kr\u0101sa sarkana, balta<br \/>\niek\u013cautas baterijas.<br \/>\napgaismojuma laiks 140 h<br \/>\nLED p\u0113csp\u012bdums 100% &#8211; 13 m<br \/>\nmateri\u0101ls silikons \/ plastmasa<br \/>\napgaismojuma re\u017e\u012bmu skaits 3.<br \/>\nmirgo l\u0113ni, \u0101tri mirgo, iedegas<br \/>\nizm\u0113rs 90 \u00d7 29 \u00d7 25 mm<br \/>\nLED gaismas pl\u016bsma 100% &#8211; 10 lm<br \/>\nbaterijas tips CR2032 (3 V)<br \/>\n\u016bdens iztur\u012bba j\u0101 (IP43)<br \/>\ngaismas avots 2 \u00d7 LED (priek\u0161\u0101), 2 \u00d7 LED (aizmugur\u0113)<\/p>\n<p><\/p>","protected":false},"excerpt":{"rendered":"<p>kr\u0101sa sarkana, balta iek\u013cautas baterijas. apgaismojuma laiks 140 h LED p\u0113csp\u012bdums 100% &#8211; 13 m materi\u0101ls silikons \/ plastmasa apgaismojuma re\u017e\u012bmu skaits 3. mirgo l\u0113ni, \u0101tri mirgo, iedegas izm\u0113rs 90 \u00d7 29 \u00d7 25 mm LED gaismas pl\u016bsma 100% &#8211; 10 lm baterijas tips CR2032 (3 V) \u016bdens iztur\u012bba j\u0101 (IP43) gaismas avots 2 \u00d7 [&hellip;]<\/p>\n","protected":false},"featured_media":27054,"comment_status":"closed","ping_status":"closed","template":"","meta":{"inline_featured_image":false},"product_cat":[1328],"product_tag":[],"yst_prominent_words":[],"class_list":{"0":"post-27022","1":"product","2":"type-product","3":"status-publish","4":"has-post-thumbnail","6":"product_cat-velo-lukturi","8":"first","9":"instock","10":"taxable","11":"shipping-taxable","12":"purchasable","13":"product-type-simple"},"jetpack_sharing_enabled":true,"_links":{"self":[{"href":"https:\/\/ddt.lv\/lv\/wp-json\/wp\/v2\/product\/27022"}],"collection":[{"href":"https:\/\/ddt.lv\/lv\/wp-json\/wp\/v2\/product"}],"about":[{"href":"https:\/\/ddt.lv\/lv\/wp-json\/wp\/v2\/types\/product"}],"replies":[{"embeddable":true,"href":"https:\/\/ddt.lv\/lv\/wp-json\/wp\/v2\/comments?post=27022"}],"wp:featuredmedia":[{"embeddable":true,"href":"https:\/\/ddt.lv\/lv\/wp-json\/wp\/v2\/media\/27054"}],"wp:attachment":[{"href":"https:\/\/ddt.lv\/lv\/wp-json\/wp\/v2\/media?parent=27022"}],"wp:term":[{"taxonomy":"product_cat","embeddable":true,"href":"https:\/\/ddt.lv\/lv\/wp-json\/wp\/v2\/product_cat?post=27022"},{"taxonomy":"product_tag","embeddable":true,"href":"https:\/\/ddt.lv\/lv\/wp-json\/wp\/v2\/product_tag?post=27022"},{"taxonomy":"yst_prominent_words","embeddable":true,"href":"https:\/\/ddt.lv\/lv\/wp-json\/wp\/v2\/yst_prominent_words?post=27022"}],"curies":[{"name":"wp","href":"https:\/\/api.w.org\/{rel}","templated":true}]}}