{"id":27019,"date":"2021-06-08T13:40:13","date_gmt":"2021-06-08T10:40:13","guid":{"rendered":"https:\/\/ddt.lv\/lv\/product\/naktslampa-3xled-0-7w-ar-fotosensoru-un-rozeti-ar-zemejumu-230v-emos\/"},"modified":"2026-04-08T14:30:34","modified_gmt":"2026-04-08T11:30:34","slug":"naktslampa-3xled-0-7w-ar-fotosensoru-un-rozeti-ar-zemejumu-230v-emos","status":"publish","type":"product","link":"https:\/\/ddt.lv\/lv\/product\/naktslampa-3xled-0-7w-ar-fotosensoru-un-rozeti-ar-zemejumu-230v-emos\/","title":{"rendered":"Naktslampa 3xLED 0.7W ar fotosensoru un rozeti ar zem\u0113jumu 230V EMOS"},"content":{"rendered":"<p>Praktiska LED nakts gaisma t\u012bklam ar fotoelementu un \u012bslaic\u012bgu kontaktligzdu. Lieliska ne tikai tur, kur nepiecie\u0161ams av\u0101rijas apgaismojums.Baro\u0161anas avots 230 V ~ \/ 50 Hz, maks. 0,63 W, \u0160UKO<br \/>\nP\u0101rsl\u0113g\u0161anas sensora jut\u012bba<\/p>","protected":false},"excerpt":{"rendered":"<p>Praktiska LED nakts gaisma t\u012bklam ar fotoelementu un \u012bslaic\u012bgu kontaktligzdu. Lieliska ne tikai tur, kur nepiecie\u0161ams av\u0101rijas apgaismojums.Baro\u0161anas avots 230 V ~ \/ 50 Hz, maks. 0,63 W, \u0160UKO P\u0101rsl\u0113g\u0161anas sensora jut\u012bba<\/p>\n","protected":false},"featured_media":27046,"comment_status":"closed","ping_status":"closed","template":"","meta":{"inline_featured_image":false},"product_cat":[1293],"product_tag":[],"yst_prominent_words":[],"class_list":{"0":"post-27019","1":"product","2":"type-product","3":"status-publish","4":"has-post-thumbnail","6":"product_cat-naktslampas","8":"first","9":"instock","10":"taxable","11":"shipping-taxable","12":"purchasable","13":"product-type-simple"},"jetpack_sharing_enabled":true,"_links":{"self":[{"href":"https:\/\/ddt.lv\/lv\/wp-json\/wp\/v2\/product\/27019"}],"collection":[{"href":"https:\/\/ddt.lv\/lv\/wp-json\/wp\/v2\/product"}],"about":[{"href":"https:\/\/ddt.lv\/lv\/wp-json\/wp\/v2\/types\/product"}],"replies":[{"embeddable":true,"href":"https:\/\/ddt.lv\/lv\/wp-json\/wp\/v2\/comments?post=27019"}],"wp:featuredmedia":[{"embeddable":true,"href":"https:\/\/ddt.lv\/lv\/wp-json\/wp\/v2\/media\/27046"}],"wp:attachment":[{"href":"https:\/\/ddt.lv\/lv\/wp-json\/wp\/v2\/media?parent=27019"}],"wp:term":[{"taxonomy":"product_cat","embeddable":true,"href":"https:\/\/ddt.lv\/lv\/wp-json\/wp\/v2\/product_cat?post=27019"},{"taxonomy":"product_tag","embeddable":true,"href":"https:\/\/ddt.lv\/lv\/wp-json\/wp\/v2\/product_tag?post=27019"},{"taxonomy":"yst_prominent_words","embeddable":true,"href":"https:\/\/ddt.lv\/lv\/wp-json\/wp\/v2\/yst_prominent_words?post=27019"}],"curies":[{"name":"wp","href":"https:\/\/api.w.org\/{rel}","templated":true}]}}