{"id":27018,"date":"2021-06-08T13:40:12","date_gmt":"2021-06-08T10:40:12","guid":{"rendered":"https:\/\/ddt.lv\/lv\/product\/ligzda-daksai-ar-zemejumu-melna-gumijota-ar-vaku-ip65-emos\/"},"modified":"2026-04-08T14:37:21","modified_gmt":"2026-04-08T11:37:21","slug":"ligzda-daksai-ar-zemejumu-melna-gumijota-ar-vaku-ip65-emos","status":"publish","type":"product","link":"https:\/\/ddt.lv\/lv\/product\/ligzda-daksai-ar-zemejumu-melna-gumijota-ar-vaku-ip65-emos\/","title":{"rendered":"Ligzda dak\u0161ai ar zem\u0113jumu melna gumijota ar v\u0101ku IP65 EMOS"},"content":{"rendered":"<p>Gumijas ligzda kust\u012bgam pagarin\u0101t\u0101jam. T\u0101 ir paredz\u0113ta, lai savienotu elektrisk\u0101s iek\u0101rtas, kur nepiecie\u0161ama augst\u0101ka aizsardz\u012bbas pak\u0101pe IP65 (pat \u0101r\u0101).<\/p>\n<p><\/p>","protected":false},"excerpt":{"rendered":"<p>Gumijas ligzda kust\u012bgam pagarin\u0101t\u0101jam. T\u0101 ir paredz\u0113ta, lai savienotu elektrisk\u0101s iek\u0101rtas, kur nepiecie\u0161ama augst\u0101ka aizsardz\u012bbas pak\u0101pe IP65 (pat \u0101r\u0101).<\/p>\n","protected":false},"featured_media":27041,"comment_status":"closed","ping_status":"closed","template":"","meta":{"inline_featured_image":false},"product_cat":[1301],"product_tag":[],"yst_prominent_words":[],"class_list":{"0":"post-27018","1":"product","2":"type-product","3":"status-publish","4":"has-post-thumbnail","6":"product_cat-rozetes","8":"first","9":"instock","10":"taxable","11":"shipping-taxable","12":"purchasable","13":"product-type-simple"},"jetpack_sharing_enabled":true,"_links":{"self":[{"href":"https:\/\/ddt.lv\/lv\/wp-json\/wp\/v2\/product\/27018"}],"collection":[{"href":"https:\/\/ddt.lv\/lv\/wp-json\/wp\/v2\/product"}],"about":[{"href":"https:\/\/ddt.lv\/lv\/wp-json\/wp\/v2\/types\/product"}],"replies":[{"embeddable":true,"href":"https:\/\/ddt.lv\/lv\/wp-json\/wp\/v2\/comments?post=27018"}],"wp:featuredmedia":[{"embeddable":true,"href":"https:\/\/ddt.lv\/lv\/wp-json\/wp\/v2\/media\/27041"}],"wp:attachment":[{"href":"https:\/\/ddt.lv\/lv\/wp-json\/wp\/v2\/media?parent=27018"}],"wp:term":[{"taxonomy":"product_cat","embeddable":true,"href":"https:\/\/ddt.lv\/lv\/wp-json\/wp\/v2\/product_cat?post=27018"},{"taxonomy":"product_tag","embeddable":true,"href":"https:\/\/ddt.lv\/lv\/wp-json\/wp\/v2\/product_tag?post=27018"},{"taxonomy":"yst_prominent_words","embeddable":true,"href":"https:\/\/ddt.lv\/lv\/wp-json\/wp\/v2\/yst_prominent_words?post=27018"}],"curies":[{"name":"wp","href":"https:\/\/api.w.org\/{rel}","templated":true}]}}