{"id":27016,"date":"2021-06-08T13:40:10","date_gmt":"2021-06-08T10:40:10","guid":{"rendered":"https:\/\/ddt.lv\/lv\/product\/led-gaismeklis-12w-1000lm-3000k-ip20-240v-170mm-virs-apmetuma-balts-emos\/"},"modified":"2026-04-01T00:12:53","modified_gmt":"2026-03-31T21:12:53","slug":"led-gaismeklis-12w-1000lm-3000k-ip20-240v-170mm-virs-apmetuma-balts-emos","status":"publish","type":"product","link":"https:\/\/ddt.lv\/lv\/product\/led-gaismeklis-12w-1000lm-3000k-ip20-240v-170mm-virs-apmetuma-balts-emos\/","title":{"rendered":"LED gaismeklis 12W 1000lm 3000K IP20 240V 170mm Virs apmetuma balts  EMOS"},"content":{"rendered":"<p>Alum\u012bnija LED gaismeklim ir klasiska ap\u013cveida forma, un t\u0101 iek\u0161pus\u0113 ir pasl\u0113ptas modernas, \u013coti ekonomiskas un iztur\u012bgas lieljaudas gaismas diodes. Tiek prognoz\u0113ts, ka salona gaismek\u013ca kalpo\u0161anas laiks ir 30 000 stundas. To laik\u0101 piena kr\u0101sas difuzors, kas izgatavots no akrila stikla, vienm\u0113r\u012bgi un pat\u012bkami raid\u012bs jums gaismu plat\u0101 120 \u00b0 le\u0146\u0137\u012b. Gaismeklis ir paredz\u0113ts virsmas uzst\u0101d\u012b\u0161anai uz k\u0101jas vai sienas. \u0112rta uzst\u0101d\u012b\u0161ana ir da\u017eu mirk\u013cu jaut\u0101jums.<\/p>","protected":false},"excerpt":{"rendered":"<p>Alum\u012bnija LED gaismeklim ir klasiska ap\u013cveida forma, un t\u0101 iek\u0161pus\u0113 ir pasl\u0113ptas modernas, \u013coti ekonomiskas un iztur\u012bgas lieljaudas gaismas diodes. Tiek prognoz\u0113ts, ka salona gaismek\u013ca kalpo\u0161anas laiks ir 30 000 stundas. To laik\u0101 piena kr\u0101sas difuzors, kas izgatavots no akrila stikla, vienm\u0113r\u012bgi un pat\u012bkami raid\u012bs jums gaismu plat\u0101 120 \u00b0 le\u0146\u0137\u012b. Gaismeklis ir paredz\u0113ts virsmas [&hellip;]<\/p>\n","protected":false},"featured_media":27023,"comment_status":"closed","ping_status":"closed","template":"","meta":{"inline_featured_image":false},"product_cat":[902],"product_tag":[],"yst_prominent_words":[],"class_list":{"0":"post-27016","1":"product","2":"type-product","3":"status-publish","4":"has-post-thumbnail","6":"product_cat-led-plafona-tipa-gaismekli","8":"first","9":"instock","10":"taxable","11":"shipping-taxable","12":"purchasable","13":"product-type-simple"},"jetpack_sharing_enabled":true,"_links":{"self":[{"href":"https:\/\/ddt.lv\/lv\/wp-json\/wp\/v2\/product\/27016"}],"collection":[{"href":"https:\/\/ddt.lv\/lv\/wp-json\/wp\/v2\/product"}],"about":[{"href":"https:\/\/ddt.lv\/lv\/wp-json\/wp\/v2\/types\/product"}],"replies":[{"embeddable":true,"href":"https:\/\/ddt.lv\/lv\/wp-json\/wp\/v2\/comments?post=27016"}],"wp:featuredmedia":[{"embeddable":true,"href":"https:\/\/ddt.lv\/lv\/wp-json\/wp\/v2\/media\/27023"}],"wp:attachment":[{"href":"https:\/\/ddt.lv\/lv\/wp-json\/wp\/v2\/media?parent=27016"}],"wp:term":[{"taxonomy":"product_cat","embeddable":true,"href":"https:\/\/ddt.lv\/lv\/wp-json\/wp\/v2\/product_cat?post=27016"},{"taxonomy":"product_tag","embeddable":true,"href":"https:\/\/ddt.lv\/lv\/wp-json\/wp\/v2\/product_tag?post=27016"},{"taxonomy":"yst_prominent_words","embeddable":true,"href":"https:\/\/ddt.lv\/lv\/wp-json\/wp\/v2\/yst_prominent_words?post=27016"}],"curies":[{"name":"wp","href":"https:\/\/api.w.org\/{rel}","templated":true}]}}