{"id":26926,"date":"2021-06-04T12:50:23","date_gmt":"2021-06-04T09:50:23","guid":{"rendered":"https:\/\/ddt.lv\/lv\/product\/eco-halogen-g9-18w-240v-205lm-2700k-spuldze-emos\/"},"modified":"2026-04-13T09:50:28","modified_gmt":"2026-04-13T06:50:28","slug":"eco-halogen-g9-18w-240v-205lm-2700k-spuldze-emos","status":"publish","type":"product","link":"https:\/\/ddt.lv\/lv\/product\/eco-halogen-g9-18w-240v-205lm-2700k-spuldze-emos\/","title":{"rendered":"ECO Halogen G9 18W 240V 205lm 2700K spuldze EMOS"},"content":{"rendered":"<p>Kr\u0101sa silti balta.Jauda 18 W , kas ekvivalenta 24 W spuldzei ar gaismas pl\u016bsmu 205 lm.<br \/>\nCokols G9.Ciklu skaits iesl\u0113gts \/ izsl\u0113gts 100 000.Kr\u0101su atveido\u0161anas indekss (CRI) Ra&gt; 95.<br \/>\nC ener\u0123ijas klase.Spriegums 230 V ~ \/ 50 Hz.Gaismas efektivit\u0101te 11 lm \/ W.<br \/>\nECOhalogen tehnolo\u0123ija.Kr\u0101su temperat\u016bra 2 700 K.<br \/>\nIzm\u0113ri 14 \u00d7 35 mm<br \/>\nKalpo\u0161anas laiks ir 2000 stundas<\/p>","protected":false},"excerpt":{"rendered":"<p>Kr\u0101sa silti balta.Jauda 18 W , kas ekvivalenta 24 W spuldzei ar gaismas pl\u016bsmu 205 lm. Cokols G9.Ciklu skaits iesl\u0113gts \/ izsl\u0113gts 100 000.Kr\u0101su atveido\u0161anas indekss (CRI) Ra&gt; 95. C ener\u0123ijas klase.Spriegums 230 V ~ \/ 50 Hz.Gaismas efektivit\u0101te 11 lm \/ W. ECOhalogen tehnolo\u0123ija.Kr\u0101su temperat\u016bra 2 700 K. Izm\u0113ri 14 \u00d7 35 mm Kalpo\u0161anas [&hellip;]<\/p>\n","protected":false},"featured_media":26950,"comment_status":"closed","ping_status":"closed","template":"","meta":{"inline_featured_image":false},"product_cat":[1365],"product_tag":[],"yst_prominent_words":[],"class_list":{"0":"post-26926","1":"product","2":"type-product","3":"status-publish","4":"has-post-thumbnail","6":"product_cat-eco-halogen-spuldzes","8":"first","9":"outofstock","10":"taxable","11":"shipping-taxable","12":"purchasable","13":"product-type-simple"},"jetpack_sharing_enabled":true,"_links":{"self":[{"href":"https:\/\/ddt.lv\/lv\/wp-json\/wp\/v2\/product\/26926"}],"collection":[{"href":"https:\/\/ddt.lv\/lv\/wp-json\/wp\/v2\/product"}],"about":[{"href":"https:\/\/ddt.lv\/lv\/wp-json\/wp\/v2\/types\/product"}],"replies":[{"embeddable":true,"href":"https:\/\/ddt.lv\/lv\/wp-json\/wp\/v2\/comments?post=26926"}],"wp:featuredmedia":[{"embeddable":true,"href":"https:\/\/ddt.lv\/lv\/wp-json\/wp\/v2\/media\/26950"}],"wp:attachment":[{"href":"https:\/\/ddt.lv\/lv\/wp-json\/wp\/v2\/media?parent=26926"}],"wp:term":[{"taxonomy":"product_cat","embeddable":true,"href":"https:\/\/ddt.lv\/lv\/wp-json\/wp\/v2\/product_cat?post=26926"},{"taxonomy":"product_tag","embeddable":true,"href":"https:\/\/ddt.lv\/lv\/wp-json\/wp\/v2\/product_tag?post=26926"},{"taxonomy":"yst_prominent_words","embeddable":true,"href":"https:\/\/ddt.lv\/lv\/wp-json\/wp\/v2\/yst_prominent_words?post=26926"}],"curies":[{"name":"wp","href":"https:\/\/api.w.org\/{rel}","templated":true}]}}