{"id":26925,"date":"2021-06-04T12:50:22","date_gmt":"2021-06-04T09:50:22","guid":{"rendered":"https:\/\/ddt.lv\/lv\/product\/eco-halogen-g4-14w-12v-235lm-2700k-spuldze-emos\/"},"modified":"2026-04-17T13:25:45","modified_gmt":"2026-04-17T10:25:45","slug":"eco-halogen-g4-14w-12v-235lm-2700k-spuldze-emos","status":"publish","type":"product","link":"https:\/\/ddt.lv\/lv\/product\/eco-halogen-g4-14w-12v-235lm-2700k-spuldze-emos\/","title":{"rendered":"ECO Halogen G4 14W 12V 235lm 2700K spuldze EMOS"},"content":{"rendered":"<p>Kr\u0101sa silti balta.Jauda 14 W , kas ekvivalenta 26 W spuldzei ar gaismas pl\u016bsmu 235 lm.<br \/>\nCokols G4.Ciklu skaits iesl\u0113gts \/ izsl\u0113gts 100 000.Kr\u0101su atveido\u0161anas indekss (CRI) Ra&gt; 95.<br \/>\nB ener\u0123ijas klase.Spriegums 12 V.Gaismas efektivit\u0101te 16 lm \/ W.ECOhalogen tehnolo\u0123ija.<br \/>\nKr\u0101su temperat\u016bra 2 700 K<br \/>\nIzm\u0113ri 9 \u00d7 33 mm.<br \/>\nKalpo\u0161anas laiks 2000 stundas.<\/p>","protected":false},"excerpt":{"rendered":"<p>Kr\u0101sa silti balta.Jauda 14 W , kas ekvivalenta 26 W spuldzei ar gaismas pl\u016bsmu 235 lm. Cokols G4.Ciklu skaits iesl\u0113gts \/ izsl\u0113gts 100 000.Kr\u0101su atveido\u0161anas indekss (CRI) Ra&gt; 95. B ener\u0123ijas klase.Spriegums 12 V.Gaismas efektivit\u0101te 16 lm \/ W.ECOhalogen tehnolo\u0123ija. Kr\u0101su temperat\u016bra 2 700 K Izm\u0113ri 9 \u00d7 33 mm. Kalpo\u0161anas laiks 2000 stundas.<\/p>\n","protected":false},"featured_media":26946,"comment_status":"closed","ping_status":"closed","template":"","meta":{"inline_featured_image":false},"product_cat":[857],"product_tag":[],"yst_prominent_words":[],"class_list":{"0":"post-26925","1":"product","2":"type-product","3":"status-publish","4":"has-post-thumbnail","6":"product_cat-zemsprieguma-kvelspuldzes-spec-pielietojuma-kvelspuldzes-spuldzes","8":"first","9":"instock","10":"taxable","11":"shipping-taxable","12":"purchasable","13":"product-type-simple"},"jetpack_sharing_enabled":true,"_links":{"self":[{"href":"https:\/\/ddt.lv\/lv\/wp-json\/wp\/v2\/product\/26925"}],"collection":[{"href":"https:\/\/ddt.lv\/lv\/wp-json\/wp\/v2\/product"}],"about":[{"href":"https:\/\/ddt.lv\/lv\/wp-json\/wp\/v2\/types\/product"}],"replies":[{"embeddable":true,"href":"https:\/\/ddt.lv\/lv\/wp-json\/wp\/v2\/comments?post=26925"}],"wp:featuredmedia":[{"embeddable":true,"href":"https:\/\/ddt.lv\/lv\/wp-json\/wp\/v2\/media\/26946"}],"wp:attachment":[{"href":"https:\/\/ddt.lv\/lv\/wp-json\/wp\/v2\/media?parent=26925"}],"wp:term":[{"taxonomy":"product_cat","embeddable":true,"href":"https:\/\/ddt.lv\/lv\/wp-json\/wp\/v2\/product_cat?post=26925"},{"taxonomy":"product_tag","embeddable":true,"href":"https:\/\/ddt.lv\/lv\/wp-json\/wp\/v2\/product_tag?post=26925"},{"taxonomy":"yst_prominent_words","embeddable":true,"href":"https:\/\/ddt.lv\/lv\/wp-json\/wp\/v2\/yst_prominent_words?post=26925"}],"curies":[{"name":"wp","href":"https:\/\/api.w.org\/{rel}","templated":true}]}}