{"id":26924,"date":"2021-06-04T12:50:21","date_gmt":"2021-06-04T09:50:21","guid":{"rendered":"https:\/\/ddt.lv\/lv\/product\/antena-ara-uhf-470-790mhz-44dbi-ar-pastipr-5-12v-100ma-emos\/"},"modified":"2026-04-08T14:36:50","modified_gmt":"2026-04-08T11:36:50","slug":"antena-ara-uhf-470-790mhz-44dbi-ar-pastipr-5-12v-100ma-emos","status":"publish","type":"product","link":"https:\/\/ddt.lv\/lv\/product\/antena-ara-uhf-470-790mhz-44dbi-ar-pastipr-5-12v-100ma-emos\/","title":{"rendered":"Antena \u0101ra UHF 470-790MHz 44dBi ar pastipr. 5-12V 100mA EMOS"},"content":{"rendered":"<p>Profesion\u0101la akt\u012bv\u0101 logaritmisk\u0101 antena ar lielu pastiprin\u0101jumu, kas izveidota digit\u0101l\u0101s telev\u012bzijas DVB-T un DVB-T2 uztver\u0161anai. Antenas konstrukcija pie\u013cauj t\u0101s horizont\u0101lo (30 \u00b0) un vertik\u0101lo polariz\u0101ciju (40 \u00b0). LTE filtrs r\u016bp\u0113sies par skaidru att\u0113lu un ska\u0146u, ko netrauc\u0113 mobilais sign\u0101ls. Antena tiek pieg\u0101d\u0101ta komplekt\u0101 ar piln\u012bgiem stiprin\u0101jumiem, kas paredz\u0113ti uzst\u0101d\u012b\u0161anai uz balkona marg\u0101m vai antenas tur\u0113t\u0101ja.<\/p>\n<p><\/p>","protected":false},"excerpt":{"rendered":"<p>Profesion\u0101la akt\u012bv\u0101 logaritmisk\u0101 antena ar lielu pastiprin\u0101jumu, kas izveidota digit\u0101l\u0101s telev\u012bzijas DVB-T un DVB-T2 uztver\u0161anai. Antenas konstrukcija pie\u013cauj t\u0101s horizont\u0101lo (30 \u00b0) un vertik\u0101lo polariz\u0101ciju (40 \u00b0). LTE filtrs r\u016bp\u0113sies par skaidru att\u0113lu un ska\u0146u, ko netrauc\u0113 mobilais sign\u0101ls. Antena tiek pieg\u0101d\u0101ta komplekt\u0101 ar piln\u012bgiem stiprin\u0101jumiem, kas paredz\u0113ti uzst\u0101d\u012b\u0161anai uz balkona marg\u0101m vai antenas tur\u0113t\u0101ja.<\/p>\n","protected":false},"featured_media":26937,"comment_status":"closed","ping_status":"closed","template":"","meta":{"inline_featured_image":false},"product_cat":[699],"product_tag":[],"yst_prominent_words":[],"class_list":{"0":"post-26924","1":"product","2":"type-product","3":"status-publish","4":"has-post-thumbnail","6":"product_cat-ara-antenas","8":"first","9":"outofstock","10":"taxable","11":"shipping-taxable","12":"purchasable","13":"product-type-simple"},"jetpack_sharing_enabled":true,"_links":{"self":[{"href":"https:\/\/ddt.lv\/lv\/wp-json\/wp\/v2\/product\/26924"}],"collection":[{"href":"https:\/\/ddt.lv\/lv\/wp-json\/wp\/v2\/product"}],"about":[{"href":"https:\/\/ddt.lv\/lv\/wp-json\/wp\/v2\/types\/product"}],"replies":[{"embeddable":true,"href":"https:\/\/ddt.lv\/lv\/wp-json\/wp\/v2\/comments?post=26924"}],"wp:featuredmedia":[{"embeddable":true,"href":"https:\/\/ddt.lv\/lv\/wp-json\/wp\/v2\/media\/26937"}],"wp:attachment":[{"href":"https:\/\/ddt.lv\/lv\/wp-json\/wp\/v2\/media?parent=26924"}],"wp:term":[{"taxonomy":"product_cat","embeddable":true,"href":"https:\/\/ddt.lv\/lv\/wp-json\/wp\/v2\/product_cat?post=26924"},{"taxonomy":"product_tag","embeddable":true,"href":"https:\/\/ddt.lv\/lv\/wp-json\/wp\/v2\/product_tag?post=26924"},{"taxonomy":"yst_prominent_words","embeddable":true,"href":"https:\/\/ddt.lv\/lv\/wp-json\/wp\/v2\/yst_prominent_words?post=26924"}],"curies":[{"name":"wp","href":"https:\/\/api.w.org\/{rel}","templated":true}]}}