{"id":26923,"date":"2021-06-04T12:50:20","date_gmt":"2021-06-04T09:50:20","guid":{"rendered":"https:\/\/ddt.lv\/lv\/product\/antena-istabas-dvb-t-t2-vhf-uhf-5g-698mhz-0-25km-emos\/"},"modified":"2026-04-01T00:12:18","modified_gmt":"2026-03-31T21:12:18","slug":"antena-istabas-dvb-t-t2-vhf-uhf-5g-698mhz-0-25km-emos","status":"publish","type":"product","link":"https:\/\/ddt.lv\/lv\/product\/antena-istabas-dvb-t-t2-vhf-uhf-5g-698mhz-0-25km-emos\/","title":{"rendered":"Antena istabas DVB-T\/T2\/VHF\/UHF\/5G 698MHz 0-25km  EMOS"},"content":{"rendered":"<p>Izmantojama istab\u0101.Ieteicamais uzst\u0101d\u012b\u0161anas att\u0101lums no raid\u012bt\u0101ja: 0-25 km (pils\u0113t\u0101).\u0100r\u0113js zema trok\u0161\u0146a pastiprin\u0101t\u0101js ar atsevi\u0161\u0137u baro\u0161anas avotu.<br \/>\nVeidojot antenas, EMOS z\u012bmols dom\u0101 ne tikai par funkcionalit\u0101ti, bet ar\u012b par to izskatu. Pier\u0101d\u012bjums ir iek\u0161telpu antena EM-HF20 ar izm\u0113riem 215 x 210 x 15 mm. M\u016bsdien\u012bgais pel\u0113kmelns dizains atrod vietu katr\u0101 interjer\u0101. Izmantojiet antenu, lai noska\u0146otu DVB-T un DVB-T2 TV stacijas un skat\u012btos iecien\u012bt\u0101k\u0101s p\u0101rraides ar\u012b Full HD kvalit\u0101t\u0113.<br \/>\n<\/p>","protected":false},"excerpt":{"rendered":"<p>Izmantojama istab\u0101.Ieteicamais uzst\u0101d\u012b\u0161anas att\u0101lums no raid\u012bt\u0101ja: 0-25 km (pils\u0113t\u0101).\u0100r\u0113js zema trok\u0161\u0146a pastiprin\u0101t\u0101js ar atsevi\u0161\u0137u baro\u0161anas avotu. Veidojot antenas, EMOS z\u012bmols dom\u0101 ne tikai par funkcionalit\u0101ti, bet ar\u012b par to izskatu. Pier\u0101d\u012bjums ir iek\u0161telpu antena EM-HF20 ar izm\u0113riem 215 x 210 x 15 mm. M\u016bsdien\u012bgais pel\u0113kmelns dizains atrod vietu katr\u0101 interjer\u0101. Izmantojiet antenu, lai noska\u0146otu DVB-T [&hellip;]<\/p>\n","protected":false},"featured_media":26927,"comment_status":"closed","ping_status":"closed","template":"","meta":{"inline_featured_image":false},"product_cat":[698],"product_tag":[],"yst_prominent_words":[],"class_list":{"0":"post-26923","1":"product","2":"type-product","3":"status-publish","4":"has-post-thumbnail","6":"product_cat-istabas-antenas","8":"first","9":"outofstock","10":"taxable","11":"shipping-taxable","12":"purchasable","13":"product-type-simple"},"jetpack_sharing_enabled":true,"_links":{"self":[{"href":"https:\/\/ddt.lv\/lv\/wp-json\/wp\/v2\/product\/26923"}],"collection":[{"href":"https:\/\/ddt.lv\/lv\/wp-json\/wp\/v2\/product"}],"about":[{"href":"https:\/\/ddt.lv\/lv\/wp-json\/wp\/v2\/types\/product"}],"replies":[{"embeddable":true,"href":"https:\/\/ddt.lv\/lv\/wp-json\/wp\/v2\/comments?post=26923"}],"wp:featuredmedia":[{"embeddable":true,"href":"https:\/\/ddt.lv\/lv\/wp-json\/wp\/v2\/media\/26927"}],"wp:attachment":[{"href":"https:\/\/ddt.lv\/lv\/wp-json\/wp\/v2\/media?parent=26923"}],"wp:term":[{"taxonomy":"product_cat","embeddable":true,"href":"https:\/\/ddt.lv\/lv\/wp-json\/wp\/v2\/product_cat?post=26923"},{"taxonomy":"product_tag","embeddable":true,"href":"https:\/\/ddt.lv\/lv\/wp-json\/wp\/v2\/product_tag?post=26923"},{"taxonomy":"yst_prominent_words","embeddable":true,"href":"https:\/\/ddt.lv\/lv\/wp-json\/wp\/v2\/yst_prominent_words?post=26923"}],"curies":[{"name":"wp","href":"https:\/\/api.w.org\/{rel}","templated":true}]}}