{"id":26820,"date":"2021-05-26T12:50:21","date_gmt":"2021-05-26T09:50:21","guid":{"rendered":"https:\/\/ddt.lv\/lv\/product\/led-gls-a67-e27-20w-240v-2452lm-4100k-spuldze-emos\/"},"modified":"2026-04-13T09:52:40","modified_gmt":"2026-04-13T06:52:40","slug":"led-gls-a67-e27-20w-240v-2452lm-4100k-spuldze-emos","status":"publish","type":"product","link":"https:\/\/ddt.lv\/lv\/product\/led-gls-a67-e27-20w-240v-2452lm-4100k-spuldze-emos\/","title":{"rendered":"LED GLS A67 E27 20W 240V 2452lm 4100K spuldze EMOS"},"content":{"rendered":"<p>Kontaktligzda (spuldzes tur\u0113t\u0101js) E27. Kr\u0101sa neitr\u0101la balta. 150 W spuldzes aizst\u0101ja. Ener\u0123ijas pat\u0113ri\u0146\u0161 20 W. Gaismas pl\u016bsma \/ spo\u017eums 2,452 lm.<\/p>","protected":false},"excerpt":{"rendered":"<p>Kontaktligzda (spuldzes tur\u0113t\u0101js) E27. Kr\u0101sa neitr\u0101la balta. 150 W spuldzes aizst\u0101ja. Ener\u0123ijas pat\u0113ri\u0146\u0161 20 W. Gaismas pl\u016bsma \/ spo\u017eums 2,452 lm.<\/p>\n","protected":false},"featured_media":26897,"comment_status":"closed","ping_status":"closed","template":"","meta":{"inline_featured_image":false},"product_cat":[850],"product_tag":[],"yst_prominent_words":[],"class_list":{"0":"post-26820","1":"product","2":"type-product","3":"status-publish","4":"has-post-thumbnail","6":"product_cat-e27-spuldzes","8":"first","9":"outofstock","10":"taxable","11":"shipping-taxable","12":"purchasable","13":"product-type-simple"},"jetpack_sharing_enabled":true,"_links":{"self":[{"href":"https:\/\/ddt.lv\/lv\/wp-json\/wp\/v2\/product\/26820"}],"collection":[{"href":"https:\/\/ddt.lv\/lv\/wp-json\/wp\/v2\/product"}],"about":[{"href":"https:\/\/ddt.lv\/lv\/wp-json\/wp\/v2\/types\/product"}],"replies":[{"embeddable":true,"href":"https:\/\/ddt.lv\/lv\/wp-json\/wp\/v2\/comments?post=26820"}],"wp:featuredmedia":[{"embeddable":true,"href":"https:\/\/ddt.lv\/lv\/wp-json\/wp\/v2\/media\/26897"}],"wp:attachment":[{"href":"https:\/\/ddt.lv\/lv\/wp-json\/wp\/v2\/media?parent=26820"}],"wp:term":[{"taxonomy":"product_cat","embeddable":true,"href":"https:\/\/ddt.lv\/lv\/wp-json\/wp\/v2\/product_cat?post=26820"},{"taxonomy":"product_tag","embeddable":true,"href":"https:\/\/ddt.lv\/lv\/wp-json\/wp\/v2\/product_tag?post=26820"},{"taxonomy":"yst_prominent_words","embeddable":true,"href":"https:\/\/ddt.lv\/lv\/wp-json\/wp\/v2\/yst_prominent_words?post=26820"}],"curies":[{"name":"wp","href":"https:\/\/api.w.org\/{rel}","templated":true}]}}