{"id":26814,"date":"2021-05-26T12:40:38","date_gmt":"2021-05-26T09:40:38","guid":{"rendered":"https:\/\/ddt.lv\/lv\/product\/savienojuma-vads-3-5mm-spraudnis-2rca-spraudnis-1-5m-emos\/"},"modified":"2026-04-13T09:57:35","modified_gmt":"2026-04-13T06:57:35","slug":"savienojuma-vads-3-5mm-spraudnis-2rca-spraudnis-1-5m-emos","status":"publish","type":"product","link":"https:\/\/ddt.lv\/lv\/product\/savienojuma-vads-3-5mm-spraudnis-2rca-spraudnis-1-5m-emos\/","title":{"rendered":"Savienojuma vads 3.5mm spraudnis &#8211; 2RCA spraudnis 3m EMOS"},"content":{"rendered":"<p>Kabelis ar 3,5 mm ST \/ M spraudni un diviem RCA spraud\u0146iem. Kabelis ir 3 m gar\u0161, un RCA kontaktdak\u0161as gali ir sarkani un balti. Kabelis ir piem\u0113rots datoriem, MP3, SPEAKERS, Hi-Fi un AMP. Lai samazin\u0101tu elektromagn\u0113tiskos trauc\u0113jumus, kabelis ir piln\u012bb\u0101 aizsarg\u0101ts.<\/p>","protected":false},"excerpt":{"rendered":"<p>Kabelis ar 3,5 mm ST \/ M spraudni un diviem RCA spraud\u0146iem. Kabelis ir 3 m gar\u0161, un RCA kontaktdak\u0161as gali ir sarkani un balti. Kabelis ir piem\u0113rots datoriem, MP3, SPEAKERS, Hi-Fi un AMP. Lai samazin\u0101tu elektromagn\u0113tiskos trauc\u0113jumus, kabelis ir piln\u012bb\u0101 aizsarg\u0101ts.<\/p>\n","protected":false},"featured_media":26867,"comment_status":"closed","ping_status":"closed","template":"","meta":{"inline_featured_image":false},"product_cat":[742],"product_tag":[],"yst_prominent_words":[],"class_list":{"0":"post-26814","1":"product","2":"type-product","3":"status-publish","4":"has-post-thumbnail","6":"product_cat-savienojuma-vadi","8":"first","9":"instock","10":"taxable","11":"shipping-taxable","12":"purchasable","13":"product-type-simple"},"jetpack_sharing_enabled":true,"_links":{"self":[{"href":"https:\/\/ddt.lv\/lv\/wp-json\/wp\/v2\/product\/26814"}],"collection":[{"href":"https:\/\/ddt.lv\/lv\/wp-json\/wp\/v2\/product"}],"about":[{"href":"https:\/\/ddt.lv\/lv\/wp-json\/wp\/v2\/types\/product"}],"replies":[{"embeddable":true,"href":"https:\/\/ddt.lv\/lv\/wp-json\/wp\/v2\/comments?post=26814"}],"wp:featuredmedia":[{"embeddable":true,"href":"https:\/\/ddt.lv\/lv\/wp-json\/wp\/v2\/media\/26867"}],"wp:attachment":[{"href":"https:\/\/ddt.lv\/lv\/wp-json\/wp\/v2\/media?parent=26814"}],"wp:term":[{"taxonomy":"product_cat","embeddable":true,"href":"https:\/\/ddt.lv\/lv\/wp-json\/wp\/v2\/product_cat?post=26814"},{"taxonomy":"product_tag","embeddable":true,"href":"https:\/\/ddt.lv\/lv\/wp-json\/wp\/v2\/product_tag?post=26814"},{"taxonomy":"yst_prominent_words","embeddable":true,"href":"https:\/\/ddt.lv\/lv\/wp-json\/wp\/v2\/yst_prominent_words?post=26814"}],"curies":[{"name":"wp","href":"https:\/\/api.w.org\/{rel}","templated":true}]}}