{"id":26811,"date":"2021-05-26T12:30:23","date_gmt":"2021-05-26T09:30:23","guid":{"rendered":"https:\/\/ddt.lv\/lv\/product\/lukturis-uzladejams-led-5w-300lm-alum-melns-dimm-3xaaaemos\/"},"modified":"2026-04-06T10:51:52","modified_gmt":"2026-04-06T07:51:52","slug":"lukturis-uzladejams-led-5w-300lm-alum-melns-dimm-3xaaaemos","status":"publish","type":"product","link":"https:\/\/ddt.lv\/lv\/product\/lukturis-uzladejams-led-5w-300lm-alum-melns-dimm-3xaaaemos\/","title":{"rendered":"Lukturis uzl\u0101d\u0113jams LED 5W 300lm alum.melns DIMM (3xAAA)EMOS"},"content":{"rendered":"<p>Praktiskais uzl\u0101d\u0113jamais triecieniztur\u012bgais met\u0101la LED luktur\u012btis ir ide\u0101li piem\u0113rots m\u0101j\u0101m, kemping\u0101, bet ar\u012b k\u0101 alternat\u012bvs gaismas avots m\u0101j\u0101s str\u0101vas padeves p\u0101rtraukuma gad\u012bjum\u0101.<br \/>\nAlternat\u012bvi, j\u016bs varat darbin\u0101t \u0161o lukturi ar 3 \u00d7 AAA baterij\u0101m. Tas ietver ar\u012b praktisku kast\u012bti un baro\u0161anas avotus t\u012bklam un automa\u0161\u012bnai.<\/p>","protected":false},"excerpt":{"rendered":"<p>Praktiskais uzl\u0101d\u0113jamais triecieniztur\u012bgais met\u0101la LED luktur\u012btis ir ide\u0101li piem\u0113rots m\u0101j\u0101m, kemping\u0101, bet ar\u012b k\u0101 alternat\u012bvs gaismas avots m\u0101j\u0101s str\u0101vas padeves p\u0101rtraukuma gad\u012bjum\u0101. Alternat\u012bvi, j\u016bs varat darbin\u0101t \u0161o lukturi ar 3 \u00d7 AAA baterij\u0101m. Tas ietver ar\u012b praktisku kast\u012bti un baro\u0161anas avotus t\u012bklam un automa\u0161\u012bnai.<\/p>\n","protected":false},"featured_media":26838,"comment_status":"closed","ping_status":"closed","template":"","meta":{"inline_featured_image":false},"product_cat":[772,728],"product_tag":[],"yst_prominent_words":[],"class_list":{"0":"post-26811","1":"product","2":"type-product","3":"status-publish","4":"has-post-thumbnail","6":"product_cat-atlaides","7":"product_cat-ar-magnetu","9":"first","10":"outofstock","11":"sale","12":"taxable","13":"shipping-taxable","14":"purchasable","15":"product-type-simple"},"jetpack_sharing_enabled":true,"_links":{"self":[{"href":"https:\/\/ddt.lv\/lv\/wp-json\/wp\/v2\/product\/26811"}],"collection":[{"href":"https:\/\/ddt.lv\/lv\/wp-json\/wp\/v2\/product"}],"about":[{"href":"https:\/\/ddt.lv\/lv\/wp-json\/wp\/v2\/types\/product"}],"replies":[{"embeddable":true,"href":"https:\/\/ddt.lv\/lv\/wp-json\/wp\/v2\/comments?post=26811"}],"wp:featuredmedia":[{"embeddable":true,"href":"https:\/\/ddt.lv\/lv\/wp-json\/wp\/v2\/media\/26838"}],"wp:attachment":[{"href":"https:\/\/ddt.lv\/lv\/wp-json\/wp\/v2\/media?parent=26811"}],"wp:term":[{"taxonomy":"product_cat","embeddable":true,"href":"https:\/\/ddt.lv\/lv\/wp-json\/wp\/v2\/product_cat?post=26811"},{"taxonomy":"product_tag","embeddable":true,"href":"https:\/\/ddt.lv\/lv\/wp-json\/wp\/v2\/product_tag?post=26811"},{"taxonomy":"yst_prominent_words","embeddable":true,"href":"https:\/\/ddt.lv\/lv\/wp-json\/wp\/v2\/yst_prominent_words?post=26811"}],"curies":[{"name":"wp","href":"https:\/\/api.w.org\/{rel}","templated":true}]}}