{"id":26808,"date":"2021-05-26T12:30:21","date_gmt":"2021-05-26T09:30:21","guid":{"rendered":"https:\/\/ddt.lv\/lv\/product\/adapteris-universals-usb-2250main-100-240v-out-3-12v-emos\/"},"modified":"2026-04-08T14:36:02","modified_gmt":"2026-04-08T11:36:02","slug":"adapteris-universals-usb-2250main-100-240v-out-3-12v-emos","status":"publish","type":"product","link":"https:\/\/ddt.lv\/lv\/product\/adapteris-universals-usb-2250main-100-240v-out-3-12v-emos\/","title":{"rendered":"Adapteris univers\u0101ls +USB 2250mA(IN 100-240V\/OUT 3-12V) EMOS"},"content":{"rendered":"<p>Univers\u0101la lieto\u0161ana.Izejas spriegums 3V, 4.5V, 5V, 6V, 7.5V, 9V, 12V.<br \/>\n1 izeja USB 5 V \/ 2,0 A \/ 10 W.Nav piem\u0113rojams uzl\u0101dei.Melna kr\u0101sa.<\/p>\n<p><\/p>","protected":false},"excerpt":{"rendered":"<p>Univers\u0101la lieto\u0161ana.Izejas spriegums 3V, 4.5V, 5V, 6V, 7.5V, 9V, 12V. 1 izeja USB 5 V \/ 2,0 A \/ 10 W.Nav piem\u0113rojams uzl\u0101dei.Melna kr\u0101sa.<\/p>\n","protected":false},"featured_media":26831,"comment_status":"closed","ping_status":"closed","template":"","meta":{"inline_featured_image":false},"product_cat":[744],"product_tag":[],"yst_prominent_words":[],"class_list":{"0":"post-26808","1":"product","2":"type-product","3":"status-publish","4":"has-post-thumbnail","6":"product_cat-mobilo-telefonu-ladetaji-usb","8":"first","9":"instock","10":"taxable","11":"shipping-taxable","12":"purchasable","13":"product-type-simple"},"jetpack_sharing_enabled":true,"_links":{"self":[{"href":"https:\/\/ddt.lv\/lv\/wp-json\/wp\/v2\/product\/26808"}],"collection":[{"href":"https:\/\/ddt.lv\/lv\/wp-json\/wp\/v2\/product"}],"about":[{"href":"https:\/\/ddt.lv\/lv\/wp-json\/wp\/v2\/types\/product"}],"replies":[{"embeddable":true,"href":"https:\/\/ddt.lv\/lv\/wp-json\/wp\/v2\/comments?post=26808"}],"wp:featuredmedia":[{"embeddable":true,"href":"https:\/\/ddt.lv\/lv\/wp-json\/wp\/v2\/media\/26831"}],"wp:attachment":[{"href":"https:\/\/ddt.lv\/lv\/wp-json\/wp\/v2\/media?parent=26808"}],"wp:term":[{"taxonomy":"product_cat","embeddable":true,"href":"https:\/\/ddt.lv\/lv\/wp-json\/wp\/v2\/product_cat?post=26808"},{"taxonomy":"product_tag","embeddable":true,"href":"https:\/\/ddt.lv\/lv\/wp-json\/wp\/v2\/product_tag?post=26808"},{"taxonomy":"yst_prominent_words","embeddable":true,"href":"https:\/\/ddt.lv\/lv\/wp-json\/wp\/v2\/yst_prominent_words?post=26808"}],"curies":[{"name":"wp","href":"https:\/\/api.w.org\/{rel}","templated":true}]}}