{"id":26806,"date":"2021-05-26T12:30:19","date_gmt":"2021-05-26T09:30:19","guid":{"rendered":"https:\/\/ddt.lv\/lv\/product\/limlente-universala-spidiga-48mm-10m-mitruma-izturiga-emos\/"},"modified":"2026-04-17T13:25:31","modified_gmt":"2026-04-17T10:25:31","slug":"limlente-universala-spidiga-48mm-10m-mitruma-izturiga-emos","status":"publish","type":"product","link":"https:\/\/ddt.lv\/lv\/product\/limlente-universala-spidiga-48mm-10m-mitruma-izturiga-emos\/","title":{"rendered":"L\u012bmlente univers\u0101l\u0101 sp\u012bd\u012bga 48mm\/10m (mitruma iztur\u012bga)  EMOS"},"content":{"rendered":"<p>\u016adensiztur\u012bga univers\u0101la lente DUCT TAPE, kas izgatavota no polietil\u0113na pl\u0113ves uz tekstila pamatnes ar dab\u012bg\u0101 kau\u010duka l\u012bmi. Lentu raksturo augsta stiepes iztur\u012bba, \u0101rk\u0101rt\u0113ja sa\u0137ere un pielip\u0161anas sp\u0113ja<br \/>\nda\u017e\u0101d\u0101m virsm\u0101m un lielisku laika apst\u0101k\u013cu iztur\u012bbu.<\/p>","protected":false},"excerpt":{"rendered":"<p>\u016adensiztur\u012bga univers\u0101la lente DUCT TAPE, kas izgatavota no polietil\u0113na pl\u0113ves uz tekstila pamatnes ar dab\u012bg\u0101 kau\u010duka l\u012bmi. Lentu raksturo augsta stiepes iztur\u012bba, \u0101rk\u0101rt\u0113ja sa\u0137ere un pielip\u0161anas sp\u0113ja da\u017e\u0101d\u0101m virsm\u0101m un lielisku laika apst\u0101k\u013cu iztur\u012bbu.<\/p>\n","protected":false},"featured_media":26822,"comment_status":"closed","ping_status":"closed","template":"","meta":{"inline_featured_image":false},"product_cat":[1295,772],"product_tag":[],"yst_prominent_words":[],"class_list":{"0":"post-26806","1":"product","2":"type-product","3":"status-publish","4":"has-post-thumbnail","6":"product_cat-limlentes","7":"product_cat-atlaides","9":"first","10":"instock","11":"sale","12":"taxable","13":"shipping-taxable","14":"purchasable","15":"product-type-simple"},"jetpack_sharing_enabled":true,"_links":{"self":[{"href":"https:\/\/ddt.lv\/lv\/wp-json\/wp\/v2\/product\/26806"}],"collection":[{"href":"https:\/\/ddt.lv\/lv\/wp-json\/wp\/v2\/product"}],"about":[{"href":"https:\/\/ddt.lv\/lv\/wp-json\/wp\/v2\/types\/product"}],"replies":[{"embeddable":true,"href":"https:\/\/ddt.lv\/lv\/wp-json\/wp\/v2\/comments?post=26806"}],"wp:featuredmedia":[{"embeddable":true,"href":"https:\/\/ddt.lv\/lv\/wp-json\/wp\/v2\/media\/26822"}],"wp:attachment":[{"href":"https:\/\/ddt.lv\/lv\/wp-json\/wp\/v2\/media?parent=26806"}],"wp:term":[{"taxonomy":"product_cat","embeddable":true,"href":"https:\/\/ddt.lv\/lv\/wp-json\/wp\/v2\/product_cat?post=26806"},{"taxonomy":"product_tag","embeddable":true,"href":"https:\/\/ddt.lv\/lv\/wp-json\/wp\/v2\/product_tag?post=26806"},{"taxonomy":"yst_prominent_words","embeddable":true,"href":"https:\/\/ddt.lv\/lv\/wp-json\/wp\/v2\/yst_prominent_words?post=26806"}],"curies":[{"name":"wp","href":"https:\/\/api.w.org\/{rel}","templated":true}]}}