{"id":26759,"date":"2021-05-25T12:20:19","date_gmt":"2021-05-25T09:20:19","guid":{"rendered":"https:\/\/ddt.lv\/lv\/product\/antena-istabas-ara-dvb-t-t2-uhf-5g-698mhz-0-80km-emos\/"},"modified":"2026-04-01T00:12:12","modified_gmt":"2026-03-31T21:12:12","slug":"antena-istabas-ara-dvb-t-t2-uhf-5g-698mhz-0-80km-emos","status":"publish","type":"product","link":"https:\/\/ddt.lv\/lv\/product\/antena-istabas-ara-dvb-t-t2-uhf-5g-698mhz-0-80km-emos\/","title":{"rendered":"Antena istabas+\u0101r\u0101 DVB-T\/T2\/UHF\/5G 698MHz 0-80km  EMOS"},"content":{"rendered":"<p>Ja j\u016bs mekl\u0113jat antenu, kuru var izmantot gan iek\u0161telp\u0101s, gan \u0101rpus t\u0101m, j\u016bs tikko to atrad\u0101t.<\/p>","protected":false},"excerpt":{"rendered":"<p>Ja j\u016bs mekl\u0113jat antenu, kuru var izmantot gan iek\u0161telp\u0101s, gan \u0101rpus t\u0101m, j\u016bs tikko to atrad\u0101t.<\/p>\n","protected":false},"featured_media":26779,"comment_status":"closed","ping_status":"closed","template":"","meta":{"inline_featured_image":false},"product_cat":[698],"product_tag":[],"yst_prominent_words":[],"class_list":{"0":"post-26759","1":"product","2":"type-product","3":"status-publish","4":"has-post-thumbnail","6":"product_cat-istabas-antenas","8":"first","9":"instock","10":"taxable","11":"shipping-taxable","12":"purchasable","13":"product-type-simple"},"jetpack_sharing_enabled":true,"_links":{"self":[{"href":"https:\/\/ddt.lv\/lv\/wp-json\/wp\/v2\/product\/26759"}],"collection":[{"href":"https:\/\/ddt.lv\/lv\/wp-json\/wp\/v2\/product"}],"about":[{"href":"https:\/\/ddt.lv\/lv\/wp-json\/wp\/v2\/types\/product"}],"replies":[{"embeddable":true,"href":"https:\/\/ddt.lv\/lv\/wp-json\/wp\/v2\/comments?post=26759"}],"wp:featuredmedia":[{"embeddable":true,"href":"https:\/\/ddt.lv\/lv\/wp-json\/wp\/v2\/media\/26779"}],"wp:attachment":[{"href":"https:\/\/ddt.lv\/lv\/wp-json\/wp\/v2\/media?parent=26759"}],"wp:term":[{"taxonomy":"product_cat","embeddable":true,"href":"https:\/\/ddt.lv\/lv\/wp-json\/wp\/v2\/product_cat?post=26759"},{"taxonomy":"product_tag","embeddable":true,"href":"https:\/\/ddt.lv\/lv\/wp-json\/wp\/v2\/product_tag?post=26759"},{"taxonomy":"yst_prominent_words","embeddable":true,"href":"https:\/\/ddt.lv\/lv\/wp-json\/wp\/v2\/yst_prominent_words?post=26759"}],"curies":[{"name":"wp","href":"https:\/\/api.w.org\/{rel}","templated":true}]}}