{"id":26758,"date":"2021-05-25T12:10:25","date_gmt":"2021-05-25T09:10:25","guid":{"rendered":"https:\/\/ddt.lv\/lv\/product\/antena-ara-dvb-t2-uhf-470-790mhz-14dbi-34-26-emos\/"},"modified":"2026-04-08T14:36:50","modified_gmt":"2026-04-08T11:36:50","slug":"antena-ara-dvb-t2-uhf-470-790mhz-14dbi-34-26-emos","status":"publish","type":"product","link":"https:\/\/ddt.lv\/lv\/product\/antena-ara-dvb-t2-uhf-470-790mhz-14dbi-34-26-emos\/","title":{"rendered":"PROFI \u0100ra antena EM-116, 0\u201380 km DVB-T2 EMOS"},"content":{"rendered":"<p>YAGI profesion\u0101la pas\u012bv\u0101 \u0101ra antena, kas paredz\u0113ta gan DVB-T, gan DVB-T2 digit\u0101l\u0101s telev\u012bzijas apraides uztver\u0161anai. To raksturo \u0161aura virziena (34 \u00b0 \/ 26 \u00b0), horizont\u0101la un vertik\u0101la polariz\u0101cija. Pateicoties tam, tas ir piem\u0113rots viet\u0101m, kas atrodas t\u0101lu no tuv\u0101k\u0101 raid\u012bt\u0101ja vai ir stipri trauc\u0113tas mobil\u0101 sign\u0101la (no t\u0101 aizsarg\u0101ts ar LTE filtru). Tas nodro\u0161in\u0101s jums bag\u0101t\u012bgu TV programmu izv\u0113li, kas atlas\u012bta no t\u0101m pat Full HD kvalit\u0101t\u0113. Bez instrumentiem to var saloc\u012bt un uzst\u0101d\u012bt da\u017eu min\u016b\u0161u laik\u0101, v\u0113lams uz antenas tur\u0113t\u0101ja. <\/p>","protected":false},"excerpt":{"rendered":"<p>YAGI profesion\u0101la pas\u012bv\u0101 \u0101ra antena, kas paredz\u0113ta gan DVB-T, gan DVB-T2 digit\u0101l\u0101s telev\u012bzijas apraides uztver\u0161anai. To raksturo \u0161aura virziena (34 \u00b0 \/ 26 \u00b0), horizont\u0101la un vertik\u0101la polariz\u0101cija. Pateicoties tam, tas ir piem\u0113rots viet\u0101m, kas atrodas t\u0101lu no tuv\u0101k\u0101 raid\u012bt\u0101ja vai ir stipri trauc\u0113tas mobil\u0101 sign\u0101la (no t\u0101 aizsarg\u0101ts ar LTE filtru). Tas nodro\u0161in\u0101s jums [&hellip;]<\/p>\n","protected":false},"featured_media":29781,"comment_status":"closed","ping_status":"closed","template":"","meta":{"inline_featured_image":false},"product_cat":[699],"product_tag":[],"yst_prominent_words":[],"class_list":{"0":"post-26758","1":"product","2":"type-product","3":"status-publish","4":"has-post-thumbnail","6":"product_cat-ara-antenas","8":"first","9":"instock","10":"taxable","11":"shipping-taxable","12":"purchasable","13":"product-type-simple"},"jetpack_sharing_enabled":true,"_links":{"self":[{"href":"https:\/\/ddt.lv\/lv\/wp-json\/wp\/v2\/product\/26758"}],"collection":[{"href":"https:\/\/ddt.lv\/lv\/wp-json\/wp\/v2\/product"}],"about":[{"href":"https:\/\/ddt.lv\/lv\/wp-json\/wp\/v2\/types\/product"}],"replies":[{"embeddable":true,"href":"https:\/\/ddt.lv\/lv\/wp-json\/wp\/v2\/comments?post=26758"}],"wp:featuredmedia":[{"embeddable":true,"href":"https:\/\/ddt.lv\/lv\/wp-json\/wp\/v2\/media\/29781"}],"wp:attachment":[{"href":"https:\/\/ddt.lv\/lv\/wp-json\/wp\/v2\/media?parent=26758"}],"wp:term":[{"taxonomy":"product_cat","embeddable":true,"href":"https:\/\/ddt.lv\/lv\/wp-json\/wp\/v2\/product_cat?post=26758"},{"taxonomy":"product_tag","embeddable":true,"href":"https:\/\/ddt.lv\/lv\/wp-json\/wp\/v2\/product_tag?post=26758"},{"taxonomy":"yst_prominent_words","embeddable":true,"href":"https:\/\/ddt.lv\/lv\/wp-json\/wp\/v2\/yst_prominent_words?post=26758"}],"curies":[{"name":"wp","href":"https:\/\/api.w.org\/{rel}","templated":true}]}}