{"id":26728,"date":"2021-05-21T13:30:30","date_gmt":"2021-05-21T10:30:30","guid":{"rendered":"https:\/\/ddt.lv\/lv\/product\/stravas-nopludes-automats-4p-25a-30ma-schelinger\/"},"modified":"2026-04-08T14:37:48","modified_gmt":"2026-04-08T11:37:48","slug":"stravas-nopludes-automats-4p-25a-30ma-schelinger","status":"publish","type":"product","link":"https:\/\/ddt.lv\/lv\/product\/stravas-nopludes-automats-4p-25a-30ma-schelinger\/","title":{"rendered":"Str\u0101vas nopl\u016bdes autom\u0101ts 4P 25A 30mA Schelinger"},"content":{"rendered":"<p>Str\u0101vas nopl\u016bdes autom\u0101ts 4P 25A 30mA<\/p>","protected":false},"excerpt":{"rendered":"<p>Str\u0101vas nopl\u016bdes autom\u0101ts 4P 25A 30mA<\/p>\n","protected":false},"featured_media":26736,"comment_status":"closed","ping_status":"closed","template":"","meta":{"inline_featured_image":false},"product_cat":[1349,772],"product_tag":[],"yst_prominent_words":[],"class_list":{"0":"post-26728","1":"product","2":"type-product","3":"status-publish","4":"has-post-thumbnail","6":"product_cat-automatsledzi","7":"product_cat-atlaides","9":"first","10":"instock","11":"sale","12":"taxable","13":"shipping-taxable","14":"purchasable","15":"product-type-simple"},"jetpack_sharing_enabled":true,"_links":{"self":[{"href":"https:\/\/ddt.lv\/lv\/wp-json\/wp\/v2\/product\/26728"}],"collection":[{"href":"https:\/\/ddt.lv\/lv\/wp-json\/wp\/v2\/product"}],"about":[{"href":"https:\/\/ddt.lv\/lv\/wp-json\/wp\/v2\/types\/product"}],"replies":[{"embeddable":true,"href":"https:\/\/ddt.lv\/lv\/wp-json\/wp\/v2\/comments?post=26728"}],"wp:featuredmedia":[{"embeddable":true,"href":"https:\/\/ddt.lv\/lv\/wp-json\/wp\/v2\/media\/26736"}],"wp:attachment":[{"href":"https:\/\/ddt.lv\/lv\/wp-json\/wp\/v2\/media?parent=26728"}],"wp:term":[{"taxonomy":"product_cat","embeddable":true,"href":"https:\/\/ddt.lv\/lv\/wp-json\/wp\/v2\/product_cat?post=26728"},{"taxonomy":"product_tag","embeddable":true,"href":"https:\/\/ddt.lv\/lv\/wp-json\/wp\/v2\/product_tag?post=26728"},{"taxonomy":"yst_prominent_words","embeddable":true,"href":"https:\/\/ddt.lv\/lv\/wp-json\/wp\/v2\/yst_prominent_words?post=26728"}],"curies":[{"name":"wp","href":"https:\/\/api.w.org\/{rel}","templated":true}]}}