{"id":26669,"date":"2021-05-20T13:40:11","date_gmt":"2021-05-20T10:40:11","guid":{"rendered":"https:\/\/ddt.lv\/lv\/product\/radio-kontrolets-pulkstenismodinatajs-balts-2xaaaemos\/"},"modified":"2026-04-08T14:30:59","modified_gmt":"2026-04-08T11:30:59","slug":"radio-kontrolets-pulkstenismodinatajs-balts-2xaaaemos","status":"publish","type":"product","link":"https:\/\/ddt.lv\/lv\/product\/radio-kontrolets-pulkstenismodinatajs-balts-2xaaaemos\/","title":{"rendered":"Radio kontrol\u0113ts pulkstenis,modin\u0101t\u0101js, balts (2xAAA)EMOS"},"content":{"rendered":"<p>J\u016bs nekad vairs neaizgul\u0113sieties ar \u0161o modin\u0101t\u0101ju. Pateicoties kontrol\u0113tajam DCF sign\u0101lam, tas garant\u0113 pulkstenim absol\u016btu precizit\u0101ti un pats main\u0101s p\u0113c laika mai\u0146as.<\/p>\n<p><\/p>","protected":false},"excerpt":{"rendered":"<p>J\u016bs nekad vairs neaizgul\u0113sieties ar \u0161o modin\u0101t\u0101ju. Pateicoties kontrol\u0113tajam DCF sign\u0101lam, tas garant\u0113 pulkstenim absol\u016btu precizit\u0101ti un pats main\u0101s p\u0113c laika mai\u0146as.<\/p>\n","protected":false},"featured_media":26681,"comment_status":"closed","ping_status":"closed","template":"","meta":{"inline_featured_image":false},"product_cat":[1426],"product_tag":[],"yst_prominent_words":[],"class_list":{"0":"post-26669","1":"product","2":"type-product","3":"status-publish","4":"has-post-thumbnail","6":"product_cat-pulksteni","8":"first","9":"outofstock","10":"taxable","11":"shipping-taxable","12":"purchasable","13":"product-type-simple"},"jetpack_sharing_enabled":true,"_links":{"self":[{"href":"https:\/\/ddt.lv\/lv\/wp-json\/wp\/v2\/product\/26669"}],"collection":[{"href":"https:\/\/ddt.lv\/lv\/wp-json\/wp\/v2\/product"}],"about":[{"href":"https:\/\/ddt.lv\/lv\/wp-json\/wp\/v2\/types\/product"}],"replies":[{"embeddable":true,"href":"https:\/\/ddt.lv\/lv\/wp-json\/wp\/v2\/comments?post=26669"}],"wp:featuredmedia":[{"embeddable":true,"href":"https:\/\/ddt.lv\/lv\/wp-json\/wp\/v2\/media\/26681"}],"wp:attachment":[{"href":"https:\/\/ddt.lv\/lv\/wp-json\/wp\/v2\/media?parent=26669"}],"wp:term":[{"taxonomy":"product_cat","embeddable":true,"href":"https:\/\/ddt.lv\/lv\/wp-json\/wp\/v2\/product_cat?post=26669"},{"taxonomy":"product_tag","embeddable":true,"href":"https:\/\/ddt.lv\/lv\/wp-json\/wp\/v2\/product_tag?post=26669"},{"taxonomy":"yst_prominent_words","embeddable":true,"href":"https:\/\/ddt.lv\/lv\/wp-json\/wp\/v2\/yst_prominent_words?post=26669"}],"curies":[{"name":"wp","href":"https:\/\/api.w.org\/{rel}","templated":true}]}}