{"id":26654,"date":"2021-05-20T12:50:13","date_gmt":"2021-05-20T09:50:13","guid":{"rendered":"https:\/\/ddt.lv\/lv\/product\/bezvadu-durvju-zvans-ip44-36-melod-90db-230v-emos\/"},"modified":"2026-04-27T08:36:39","modified_gmt":"2026-04-27T05:36:39","slug":"bezvadu-durvju-zvans-ip44-36-melod-90db-230v-emos","status":"publish","type":"product","link":"https:\/\/ddt.lv\/lv\/product\/bezvadu-durvju-zvans-ip44-36-melod-90db-230v-emos\/","title":{"rendered":"Bezvadu durvju zvans IP44 36 melod. 90dB 230V~ EMOS"},"content":{"rendered":"<p>J\u016bs izpakojat, savienojat, zvanat. \u0160\u0101du \u0101tru uzst\u0101d\u012b\u0161anu nodro\u0161ina autom\u0101tiska savieno\u0161ana p\u0101r\u012b, pateicoties &#8220;pa\u0161m\u0101c\u012b\u0161an\u0101s&#8221; re\u017e\u012bmam. 25 sekun\u017eu laik\u0101 p\u0113c durvju zvana pievieno\u0161anas kontaktligzdai vi\u0146i zina gan pogu, gan durvju zvanu. Liela v\u0113rt\u012bba ir 180 metriem. J\u016bs nov\u0113rt\u0113siet ar\u012b nulles tehnisko apkopi \u0101rpus\u0113. \u016adensiztur\u012bg\u0101 poga sazin\u0101s ar zvanu, izmantojot radiovi\u013c\u0146us. Un to var izdar\u012bt bez akumulatora, t\u0101p\u0113c jums tas nav j\u0101maina. Ener\u0123ija sign\u0101la nos\u016bt\u012b\u0161anai uz zvanu tiek rad\u012bta, nospie\u017eot pogu. Lieliska bezvadu durvju zvana P5729 iez\u012bme ir t\u0101 ilgtermi\u0146a atmi\u0146a, kas nodro\u0161ina bez trauc\u0113jumiem darb\u012bbu ar\u012b p\u0113c str\u0101vas padeves p\u0101rtraukuma.<\/p>","protected":false},"excerpt":{"rendered":"<p>J\u016bs izpakojat, savienojat, zvanat. \u0160\u0101du \u0101tru uzst\u0101d\u012b\u0161anu nodro\u0161ina autom\u0101tiska savieno\u0161ana p\u0101r\u012b, pateicoties &#8220;pa\u0161m\u0101c\u012b\u0161an\u0101s&#8221; re\u017e\u012bmam. 25 sekun\u017eu laik\u0101 p\u0113c durvju zvana pievieno\u0161anas kontaktligzdai vi\u0146i zina gan pogu, gan durvju zvanu. Liela v\u0113rt\u012bba ir 180 metriem. J\u016bs nov\u0113rt\u0113siet ar\u012b nulles tehnisko apkopi \u0101rpus\u0113. \u016adensiztur\u012bg\u0101 poga sazin\u0101s ar zvanu, izmantojot radiovi\u013c\u0146us. Un to var izdar\u012bt bez akumulatora, t\u0101p\u0113c [&hellip;]<\/p>\n","protected":false},"featured_media":26664,"comment_status":"closed","ping_status":"closed","template":"","meta":{"inline_featured_image":false},"product_cat":[772,543],"product_tag":[],"yst_prominent_words":[],"class_list":{"0":"post-26654","1":"product","2":"type-product","3":"status-publish","4":"has-post-thumbnail","6":"product_cat-atlaides","7":"product_cat-durvju-zvani","9":"first","10":"instock","11":"sale","12":"taxable","13":"shipping-taxable","14":"purchasable","15":"product-type-simple"},"jetpack_sharing_enabled":true,"_links":{"self":[{"href":"https:\/\/ddt.lv\/lv\/wp-json\/wp\/v2\/product\/26654"}],"collection":[{"href":"https:\/\/ddt.lv\/lv\/wp-json\/wp\/v2\/product"}],"about":[{"href":"https:\/\/ddt.lv\/lv\/wp-json\/wp\/v2\/types\/product"}],"replies":[{"embeddable":true,"href":"https:\/\/ddt.lv\/lv\/wp-json\/wp\/v2\/comments?post=26654"}],"wp:featuredmedia":[{"embeddable":true,"href":"https:\/\/ddt.lv\/lv\/wp-json\/wp\/v2\/media\/26664"}],"wp:attachment":[{"href":"https:\/\/ddt.lv\/lv\/wp-json\/wp\/v2\/media?parent=26654"}],"wp:term":[{"taxonomy":"product_cat","embeddable":true,"href":"https:\/\/ddt.lv\/lv\/wp-json\/wp\/v2\/product_cat?post=26654"},{"taxonomy":"product_tag","embeddable":true,"href":"https:\/\/ddt.lv\/lv\/wp-json\/wp\/v2\/product_tag?post=26654"},{"taxonomy":"yst_prominent_words","embeddable":true,"href":"https:\/\/ddt.lv\/lv\/wp-json\/wp\/v2\/yst_prominent_words?post=26654"}],"curies":[{"name":"wp","href":"https:\/\/api.w.org\/{rel}","templated":true}]}}