{"id":26647,"date":"2021-05-19T15:30:20","date_gmt":"2021-05-19T12:30:20","guid":{"rendered":"https:\/\/ddt.lv\/lv\/product\/lukturis-piekarins-led-1w-cob-30lm-2xcr2032ar-magnetu-emos\/"},"modified":"2026-04-09T16:16:07","modified_gmt":"2026-04-09T13:16:07","slug":"lukturis-piekarins-led-1w-cob-30lm-2xcr2032ar-magnetu-emos","status":"publish","type":"product","link":"https:\/\/ddt.lv\/lv\/product\/lukturis-piekarins-led-1w-cob-30lm-2xcr2032ar-magnetu-emos\/","title":{"rendered":"Lukturis-piekari\u0146\u0161 LED 1W COB 30lm (2xCR2032)ar magn\u0113tu EMOS"},"content":{"rendered":"<p>Augstas veiktsp\u0113jas mazs luktur\u012btis ar piestiprin\u0101\u0161anai paredz\u0113tu karab\u012bni, ar iesp\u0113ju piestiprin\u0101\u0161anai izmantot ieb\u016bv\u0113tu magn\u0113tu. Kompaktais plastmasas v\u0101ks paredz gaismek\u013ca pla\u0161u izmanto\u0161anu. Avots ir divas CR 2032 baterijas, kas ietilpst komplekt\u0101.<\/p>","protected":false},"excerpt":{"rendered":"<p>Augstas veiktsp\u0113jas mazs luktur\u012btis ar piestiprin\u0101\u0161anai paredz\u0113tu karab\u012bni, ar iesp\u0113ju piestiprin\u0101\u0161anai izmantot ieb\u016bv\u0113tu magn\u0113tu. Kompaktais plastmasas v\u0101ks paredz gaismek\u013ca pla\u0161u izmanto\u0161anu. Avots ir divas CR 2032 baterijas, kas ietilpst komplekt\u0101.<\/p>\n","protected":false},"featured_media":26648,"comment_status":"closed","ping_status":"closed","template":"","meta":{"inline_featured_image":false},"product_cat":[726],"product_tag":[],"yst_prominent_words":[],"class_list":{"0":"post-26647","1":"product","2":"type-product","3":"status-publish","4":"has-post-thumbnail","6":"product_cat-kabatas","8":"first","9":"instock","10":"taxable","11":"shipping-taxable","12":"purchasable","13":"product-type-simple"},"jetpack_sharing_enabled":true,"_links":{"self":[{"href":"https:\/\/ddt.lv\/lv\/wp-json\/wp\/v2\/product\/26647"}],"collection":[{"href":"https:\/\/ddt.lv\/lv\/wp-json\/wp\/v2\/product"}],"about":[{"href":"https:\/\/ddt.lv\/lv\/wp-json\/wp\/v2\/types\/product"}],"replies":[{"embeddable":true,"href":"https:\/\/ddt.lv\/lv\/wp-json\/wp\/v2\/comments?post=26647"}],"wp:featuredmedia":[{"embeddable":true,"href":"https:\/\/ddt.lv\/lv\/wp-json\/wp\/v2\/media\/26648"}],"wp:attachment":[{"href":"https:\/\/ddt.lv\/lv\/wp-json\/wp\/v2\/media?parent=26647"}],"wp:term":[{"taxonomy":"product_cat","embeddable":true,"href":"https:\/\/ddt.lv\/lv\/wp-json\/wp\/v2\/product_cat?post=26647"},{"taxonomy":"product_tag","embeddable":true,"href":"https:\/\/ddt.lv\/lv\/wp-json\/wp\/v2\/product_tag?post=26647"},{"taxonomy":"yst_prominent_words","embeddable":true,"href":"https:\/\/ddt.lv\/lv\/wp-json\/wp\/v2\/yst_prominent_words?post=26647"}],"curies":[{"name":"wp","href":"https:\/\/api.w.org\/{rel}","templated":true}]}}