{"id":26595,"date":"2021-05-14T14:50:11","date_gmt":"2021-05-14T11:50:11","guid":{"rendered":"https:\/\/ddt.lv\/lv\/product\/daksa-a-z-melna-gumijota-ip44-emos\/"},"modified":"2026-04-08T14:28:02","modified_gmt":"2026-04-08T11:28:02","slug":"daksa-a-z-melna-gumijota-ip44-emos","status":"publish","type":"product","link":"https:\/\/ddt.lv\/lv\/product\/daksa-a-z-melna-gumijota-ip44-emos\/","title":{"rendered":"Dak\u0161a a\/z melna gumijota IP44 EMOS"},"content":{"rendered":"<p>Pievienojiet gumijas korpusu p\u0101rvietojamiem pagarin\u0101t\u0101jiem. T\u0101 ir paredz\u0113ta elektrisko ier\u012b\u010du savieno\u0161anai tur, kur nepiecie\u0161ama augst\u0101ka aizsardz\u012bbas pak\u0101pe (ar\u012b \u0101rpus telp\u0101m).<\/p>","protected":false},"excerpt":{"rendered":"<p>Pievienojiet gumijas korpusu p\u0101rvietojamiem pagarin\u0101t\u0101jiem. T\u0101 ir paredz\u0113ta elektrisko ier\u012b\u010du savieno\u0161anai tur, kur nepiecie\u0161ama augst\u0101ka aizsardz\u012bbas pak\u0101pe (ar\u012b \u0101rpus telp\u0101m).<\/p>\n","protected":false},"featured_media":26599,"comment_status":"closed","ping_status":"closed","template":"","meta":{"inline_featured_image":false},"product_cat":[1342],"product_tag":[],"yst_prominent_words":[],"class_list":{"0":"post-26595","1":"product","2":"type-product","3":"status-publish","4":"has-post-thumbnail","6":"product_cat-kontakdaksas","8":"first","9":"instock","10":"taxable","11":"shipping-taxable","12":"purchasable","13":"product-type-simple"},"jetpack_sharing_enabled":true,"_links":{"self":[{"href":"https:\/\/ddt.lv\/lv\/wp-json\/wp\/v2\/product\/26595"}],"collection":[{"href":"https:\/\/ddt.lv\/lv\/wp-json\/wp\/v2\/product"}],"about":[{"href":"https:\/\/ddt.lv\/lv\/wp-json\/wp\/v2\/types\/product"}],"replies":[{"embeddable":true,"href":"https:\/\/ddt.lv\/lv\/wp-json\/wp\/v2\/comments?post=26595"}],"wp:featuredmedia":[{"embeddable":true,"href":"https:\/\/ddt.lv\/lv\/wp-json\/wp\/v2\/media\/26599"}],"wp:attachment":[{"href":"https:\/\/ddt.lv\/lv\/wp-json\/wp\/v2\/media?parent=26595"}],"wp:term":[{"taxonomy":"product_cat","embeddable":true,"href":"https:\/\/ddt.lv\/lv\/wp-json\/wp\/v2\/product_cat?post=26595"},{"taxonomy":"product_tag","embeddable":true,"href":"https:\/\/ddt.lv\/lv\/wp-json\/wp\/v2\/product_tag?post=26595"},{"taxonomy":"yst_prominent_words","embeddable":true,"href":"https:\/\/ddt.lv\/lv\/wp-json\/wp\/v2\/yst_prominent_words?post=26595"}],"curies":[{"name":"wp","href":"https:\/\/api.w.org\/{rel}","templated":true}]}}