{"id":26594,"date":"2021-05-14T14:50:11","date_gmt":"2021-05-14T11:50:11","guid":{"rendered":"https:\/\/ddt.lv\/lv\/product\/daksa-lenki-a-z-emos\/"},"modified":"2026-04-08T14:28:03","modified_gmt":"2026-04-08T11:28:03","slug":"daksa-lenki-a-z-emos","status":"publish","type":"product","link":"https:\/\/ddt.lv\/lv\/product\/daksa-lenki-a-z-emos\/","title":{"rendered":"Dak\u0161a len\u0137\u012b ar cilpu a\/z EMOS"},"content":{"rendered":"<p>Klasisks spraudnis kust\u012bgam pagarin\u0101t\u0101jam ar \u012bpa\u0161u cilpi\u0146u \u0113rtai iz\u0146em\u0161anai no kontaktligzdas.<\/p>","protected":false},"excerpt":{"rendered":"<p>Klasisks spraudnis kust\u012bgam pagarin\u0101t\u0101jam ar \u012bpa\u0161u cilpi\u0146u \u0113rtai iz\u0146em\u0161anai no kontaktligzdas.<\/p>\n","protected":false},"featured_media":26600,"comment_status":"closed","ping_status":"closed","template":"","meta":{"inline_featured_image":false},"product_cat":[1342],"product_tag":[],"yst_prominent_words":[],"class_list":{"0":"post-26594","1":"product","2":"type-product","3":"status-publish","4":"has-post-thumbnail","6":"product_cat-kontakdaksas","8":"first","9":"instock","10":"taxable","11":"shipping-taxable","12":"purchasable","13":"product-type-simple"},"jetpack_sharing_enabled":true,"_links":{"self":[{"href":"https:\/\/ddt.lv\/lv\/wp-json\/wp\/v2\/product\/26594"}],"collection":[{"href":"https:\/\/ddt.lv\/lv\/wp-json\/wp\/v2\/product"}],"about":[{"href":"https:\/\/ddt.lv\/lv\/wp-json\/wp\/v2\/types\/product"}],"replies":[{"embeddable":true,"href":"https:\/\/ddt.lv\/lv\/wp-json\/wp\/v2\/comments?post=26594"}],"wp:featuredmedia":[{"embeddable":true,"href":"https:\/\/ddt.lv\/lv\/wp-json\/wp\/v2\/media\/26600"}],"wp:attachment":[{"href":"https:\/\/ddt.lv\/lv\/wp-json\/wp\/v2\/media?parent=26594"}],"wp:term":[{"taxonomy":"product_cat","embeddable":true,"href":"https:\/\/ddt.lv\/lv\/wp-json\/wp\/v2\/product_cat?post=26594"},{"taxonomy":"product_tag","embeddable":true,"href":"https:\/\/ddt.lv\/lv\/wp-json\/wp\/v2\/product_tag?post=26594"},{"taxonomy":"yst_prominent_words","embeddable":true,"href":"https:\/\/ddt.lv\/lv\/wp-json\/wp\/v2\/yst_prominent_words?post=26594"}],"curies":[{"name":"wp","href":"https:\/\/api.w.org\/{rel}","templated":true}]}}