{"id":26573,"date":"2021-05-14T13:10:10","date_gmt":"2021-05-14T10:10:10","guid":{"rendered":"https:\/\/ddt.lv\/lv\/product\/antena-ara-ar-past-0-200km-38-80-uhf-790mhz-16dbi-emos\/"},"modified":"2026-04-08T14:36:50","modified_gmt":"2026-04-08T11:36:50","slug":"antena-ara-ar-past-0-200km-38-80-uhf-790mhz-16dbi-emos","status":"publish","type":"product","link":"https:\/\/ddt.lv\/lv\/product\/antena-ara-ar-past-0-200km-38-80-uhf-790mhz-16dbi-emos\/","title":{"rendered":"Antena \u0101ra ar past. 0-200km 38&#8217;\/80&#8217; UHF 790MHZ 16dBi EMOS"},"content":{"rendered":"<p>\u0100ra pas\u012bv\u0101 antena bez pastiprin\u0101t\u0101ja.<\/p>","protected":false},"excerpt":{"rendered":"<p>\u0100ra pas\u012bv\u0101 antena bez pastiprin\u0101t\u0101ja.<\/p>\n","protected":false},"featured_media":26577,"comment_status":"closed","ping_status":"closed","template":"","meta":{"inline_featured_image":false},"product_cat":[699],"product_tag":[],"yst_prominent_words":[],"class_list":{"0":"post-26573","1":"product","2":"type-product","3":"status-publish","4":"has-post-thumbnail","6":"product_cat-ara-antenas","8":"first","9":"outofstock","10":"taxable","11":"shipping-taxable","12":"purchasable","13":"product-type-simple"},"jetpack_sharing_enabled":true,"_links":{"self":[{"href":"https:\/\/ddt.lv\/lv\/wp-json\/wp\/v2\/product\/26573"}],"collection":[{"href":"https:\/\/ddt.lv\/lv\/wp-json\/wp\/v2\/product"}],"about":[{"href":"https:\/\/ddt.lv\/lv\/wp-json\/wp\/v2\/types\/product"}],"replies":[{"embeddable":true,"href":"https:\/\/ddt.lv\/lv\/wp-json\/wp\/v2\/comments?post=26573"}],"wp:featuredmedia":[{"embeddable":true,"href":"https:\/\/ddt.lv\/lv\/wp-json\/wp\/v2\/media\/26577"}],"wp:attachment":[{"href":"https:\/\/ddt.lv\/lv\/wp-json\/wp\/v2\/media?parent=26573"}],"wp:term":[{"taxonomy":"product_cat","embeddable":true,"href":"https:\/\/ddt.lv\/lv\/wp-json\/wp\/v2\/product_cat?post=26573"},{"taxonomy":"product_tag","embeddable":true,"href":"https:\/\/ddt.lv\/lv\/wp-json\/wp\/v2\/product_tag?post=26573"},{"taxonomy":"yst_prominent_words","embeddable":true,"href":"https:\/\/ddt.lv\/lv\/wp-json\/wp\/v2\/yst_prominent_words?post=26573"}],"curies":[{"name":"wp","href":"https:\/\/api.w.org\/{rel}","templated":true}]}}