{"id":26559,"date":"2021-05-14T12:30:19","date_gmt":"2021-05-14T09:30:19","guid":{"rendered":"https:\/\/ddt.lv\/lv\/product\/norobezojosa-lente-75mm-250m-sarkana-balta-emos\/"},"modified":"2026-04-13T09:51:19","modified_gmt":"2026-04-13T06:51:19","slug":"norobezojosa-lente-75mm-250m-sarkana-balta-emos","status":"publish","type":"product","link":"https:\/\/ddt.lv\/lv\/product\/norobezojosa-lente-75mm-250m-sarkana-balta-emos\/","title":{"rendered":"Norobe\u017eojo\u0161\u0101 lente 75mm\/250m sarkana\/balta EMOS"},"content":{"rendered":"<p>Nelip\u012bga sarkanbaltsarkan\u0101 mar\u0137\u0113\u0161anas lente izgatavota no zema bl\u012bvuma polietil\u0113na (LDPE) ar diagon\u0101l\u0101m sv\u012btr\u0101m.<\/p>","protected":false},"excerpt":{"rendered":"<p>Nelip\u012bga sarkanbaltsarkan\u0101 mar\u0137\u0113\u0161anas lente izgatavota no zema bl\u012bvuma polietil\u0113na (LDPE) ar diagon\u0101l\u0101m sv\u012btr\u0101m.<\/p>\n","protected":false},"featured_media":26565,"comment_status":"closed","ping_status":"closed","template":"","meta":{"inline_featured_image":false},"product_cat":[1295],"product_tag":[],"yst_prominent_words":[],"class_list":{"0":"post-26559","1":"product","2":"type-product","3":"status-publish","4":"has-post-thumbnail","6":"product_cat-limlentes","8":"first","9":"instock","10":"taxable","11":"shipping-taxable","12":"purchasable","13":"product-type-simple"},"jetpack_sharing_enabled":true,"_links":{"self":[{"href":"https:\/\/ddt.lv\/lv\/wp-json\/wp\/v2\/product\/26559"}],"collection":[{"href":"https:\/\/ddt.lv\/lv\/wp-json\/wp\/v2\/product"}],"about":[{"href":"https:\/\/ddt.lv\/lv\/wp-json\/wp\/v2\/types\/product"}],"replies":[{"embeddable":true,"href":"https:\/\/ddt.lv\/lv\/wp-json\/wp\/v2\/comments?post=26559"}],"wp:featuredmedia":[{"embeddable":true,"href":"https:\/\/ddt.lv\/lv\/wp-json\/wp\/v2\/media\/26565"}],"wp:attachment":[{"href":"https:\/\/ddt.lv\/lv\/wp-json\/wp\/v2\/media?parent=26559"}],"wp:term":[{"taxonomy":"product_cat","embeddable":true,"href":"https:\/\/ddt.lv\/lv\/wp-json\/wp\/v2\/product_cat?post=26559"},{"taxonomy":"product_tag","embeddable":true,"href":"https:\/\/ddt.lv\/lv\/wp-json\/wp\/v2\/product_tag?post=26559"},{"taxonomy":"yst_prominent_words","embeddable":true,"href":"https:\/\/ddt.lv\/lv\/wp-json\/wp\/v2\/yst_prominent_words?post=26559"}],"curies":[{"name":"wp","href":"https:\/\/api.w.org\/{rel}","templated":true}]}}