{"id":26557,"date":"2021-05-14T12:30:18","date_gmt":"2021-05-14T09:30:18","guid":{"rendered":"https:\/\/ddt.lv\/lv\/product\/limlente-akrila-abpuseja-12mm-3m-emos\/"},"modified":"2026-04-13T18:40:18","modified_gmt":"2026-04-13T15:40:18","slug":"limlente-akrila-abpuseja-12mm-3m-emos","status":"publish","type":"product","link":"https:\/\/ddt.lv\/lv\/product\/limlente-akrila-abpuseja-12mm-3m-emos\/","title":{"rendered":"L\u012bmlente akrila abpus\u0113ja 12mm\/3m EMOS"},"content":{"rendered":"<p>Univers\u0101la caursp\u012bd\u012bga abpus\u0113ja lente, kas izgatavota no 100% akrila. Pamatnes tr\u016bkuma d\u0113\u013c lente ir \u012bpa\u0161i elast\u012bga un lieliski piel\u012bp pie nel\u012bdzen\u0101m virsm\u0101m.<\/p>\n<p><\/p>","protected":false},"excerpt":{"rendered":"<p>Univers\u0101la caursp\u012bd\u012bga abpus\u0113ja lente, kas izgatavota no 100% akrila. Pamatnes tr\u016bkuma d\u0113\u013c lente ir \u012bpa\u0161i elast\u012bga un lieliski piel\u012bp pie nel\u012bdzen\u0101m virsm\u0101m.<\/p>\n","protected":false},"featured_media":26560,"comment_status":"closed","ping_status":"closed","template":"","meta":{"inline_featured_image":false},"product_cat":[1295],"product_tag":[],"yst_prominent_words":[],"class_list":{"0":"post-26557","1":"product","2":"type-product","3":"status-publish","4":"has-post-thumbnail","6":"product_cat-limlentes","8":"first","9":"instock","10":"taxable","11":"shipping-taxable","12":"purchasable","13":"product-type-simple"},"jetpack_sharing_enabled":true,"_links":{"self":[{"href":"https:\/\/ddt.lv\/lv\/wp-json\/wp\/v2\/product\/26557"}],"collection":[{"href":"https:\/\/ddt.lv\/lv\/wp-json\/wp\/v2\/product"}],"about":[{"href":"https:\/\/ddt.lv\/lv\/wp-json\/wp\/v2\/types\/product"}],"replies":[{"embeddable":true,"href":"https:\/\/ddt.lv\/lv\/wp-json\/wp\/v2\/comments?post=26557"}],"wp:featuredmedia":[{"embeddable":true,"href":"https:\/\/ddt.lv\/lv\/wp-json\/wp\/v2\/media\/26560"}],"wp:attachment":[{"href":"https:\/\/ddt.lv\/lv\/wp-json\/wp\/v2\/media?parent=26557"}],"wp:term":[{"taxonomy":"product_cat","embeddable":true,"href":"https:\/\/ddt.lv\/lv\/wp-json\/wp\/v2\/product_cat?post=26557"},{"taxonomy":"product_tag","embeddable":true,"href":"https:\/\/ddt.lv\/lv\/wp-json\/wp\/v2\/product_tag?post=26557"},{"taxonomy":"yst_prominent_words","embeddable":true,"href":"https:\/\/ddt.lv\/lv\/wp-json\/wp\/v2\/yst_prominent_words?post=26557"}],"curies":[{"name":"wp","href":"https:\/\/api.w.org\/{rel}","templated":true}]}}