{"id":26526,"date":"2021-05-13T15:00:32","date_gmt":"2021-05-13T12:00:32","guid":{"rendered":"https:\/\/ddt.lv\/lv\/product\/svari-digitalie-180kgbmi-index-melns-3x1-5aaa-emos\/"},"modified":"2026-04-13T10:00:28","modified_gmt":"2026-04-13T07:00:28","slug":"svari-digitalie-180kgbmi-index-melns-3x1-5aaa-emos","status":"publish","type":"product","link":"https:\/\/ddt.lv\/lv\/product\/svari-digitalie-180kgbmi-index-melns-3x1-5aaa-emos\/","title":{"rendered":"Svari digit\u0101lie 180kg,BMI Index melns 3&#215;1.5AAA  EMOS"},"content":{"rendered":"<p>Person\u012bgajiem svariem vajadz\u0113tu b\u016bt neat\u0146emamai sast\u0101vda\u013cai katr\u0101 m\u0101j\u0101, pat ja j\u016bs neiev\u0113rojat di\u0113tu. Inform\u0101ciju par j\u016bsu \u0137erme\u0146a svaru sniedz \u0161\u012b uzticam\u0101 skala.Digit\u0101l\u0101 person\u0101l\u0101 skala ar BMI indeksa (tauku, \u016bdens un musku\u013cu masas daudzuma organism\u0101) apr\u0113\u0137in\u0101\u0161anas funkciju.<br \/>\nAtmi\u0146a l\u012bdz 13 lietot\u0101jiem.<\/p>\n<p><\/p>","protected":false},"excerpt":{"rendered":"<p>Person\u012bgajiem svariem vajadz\u0113tu b\u016bt neat\u0146emamai sast\u0101vda\u013cai katr\u0101 m\u0101j\u0101, pat ja j\u016bs neiev\u0113rojat di\u0113tu. Inform\u0101ciju par j\u016bsu \u0137erme\u0146a svaru sniedz \u0161\u012b uzticam\u0101 skala.Digit\u0101l\u0101 person\u0101l\u0101 skala ar BMI indeksa (tauku, \u016bdens un musku\u013cu masas daudzuma organism\u0101) apr\u0113\u0137in\u0101\u0161anas funkciju. Atmi\u0146a l\u012bdz 13 lietot\u0101jiem.<\/p>\n","protected":false},"featured_media":26541,"comment_status":"closed","ping_status":"closed","template":"","meta":{"inline_featured_image":false},"product_cat":[794],"product_tag":[],"yst_prominent_words":[],"class_list":{"0":"post-26526","1":"product","2":"type-product","3":"status-publish","4":"has-post-thumbnail","6":"product_cat-kermena-bagazas-svari","8":"first","9":"instock","10":"taxable","11":"shipping-taxable","12":"purchasable","13":"product-type-simple"},"jetpack_sharing_enabled":true,"_links":{"self":[{"href":"https:\/\/ddt.lv\/lv\/wp-json\/wp\/v2\/product\/26526"}],"collection":[{"href":"https:\/\/ddt.lv\/lv\/wp-json\/wp\/v2\/product"}],"about":[{"href":"https:\/\/ddt.lv\/lv\/wp-json\/wp\/v2\/types\/product"}],"replies":[{"embeddable":true,"href":"https:\/\/ddt.lv\/lv\/wp-json\/wp\/v2\/comments?post=26526"}],"wp:featuredmedia":[{"embeddable":true,"href":"https:\/\/ddt.lv\/lv\/wp-json\/wp\/v2\/media\/26541"}],"wp:attachment":[{"href":"https:\/\/ddt.lv\/lv\/wp-json\/wp\/v2\/media?parent=26526"}],"wp:term":[{"taxonomy":"product_cat","embeddable":true,"href":"https:\/\/ddt.lv\/lv\/wp-json\/wp\/v2\/product_cat?post=26526"},{"taxonomy":"product_tag","embeddable":true,"href":"https:\/\/ddt.lv\/lv\/wp-json\/wp\/v2\/product_tag?post=26526"},{"taxonomy":"yst_prominent_words","embeddable":true,"href":"https:\/\/ddt.lv\/lv\/wp-json\/wp\/v2\/yst_prominent_words?post=26526"}],"curies":[{"name":"wp","href":"https:\/\/api.w.org\/{rel}","templated":true}]}}