{"id":26525,"date":"2021-05-13T15:00:31","date_gmt":"2021-05-13T12:00:31","guid":{"rendered":"https:\/\/ddt.lv\/lv\/product\/aa-2-600mah-solar-akumulators-raver\/"},"modified":"2026-04-13T09:48:07","modified_gmt":"2026-04-13T06:48:07","slug":"aa-2-600mah-solar-akumulators-raver","status":"publish","type":"product","link":"https:\/\/ddt.lv\/lv\/product\/aa-2-600mah-solar-akumulators-raver\/","title":{"rendered":"AA\/2 600mAh Solar akumulators  RAVER 2.gab"},"content":{"rendered":"<p>NiMH Raver Solar AA (R6) akumulatori. Blister\u012b 2gb.Piem\u0113roti ar sauli uzl\u0101d\u0113jam\u0101m lamp\u0101m.<\/p>","protected":false},"excerpt":{"rendered":"<p>NiMH Raver Solar AA (R6) akumulatori. Blister\u012b 2gb.Piem\u0113roti ar sauli uzl\u0101d\u0113jam\u0101m lamp\u0101m.<\/p>\n","protected":false},"featured_media":26537,"comment_status":"closed","ping_status":"closed","template":"","meta":{"inline_featured_image":false},"product_cat":[441],"product_tag":[],"yst_prominent_words":[],"class_list":{"0":"post-26525","1":"product","2":"type-product","3":"status-publish","4":"has-post-thumbnail","6":"product_cat-aa","8":"first","9":"instock","10":"taxable","11":"shipping-taxable","12":"purchasable","13":"product-type-simple"},"jetpack_sharing_enabled":true,"_links":{"self":[{"href":"https:\/\/ddt.lv\/lv\/wp-json\/wp\/v2\/product\/26525"}],"collection":[{"href":"https:\/\/ddt.lv\/lv\/wp-json\/wp\/v2\/product"}],"about":[{"href":"https:\/\/ddt.lv\/lv\/wp-json\/wp\/v2\/types\/product"}],"replies":[{"embeddable":true,"href":"https:\/\/ddt.lv\/lv\/wp-json\/wp\/v2\/comments?post=26525"}],"wp:featuredmedia":[{"embeddable":true,"href":"https:\/\/ddt.lv\/lv\/wp-json\/wp\/v2\/media\/26537"}],"wp:attachment":[{"href":"https:\/\/ddt.lv\/lv\/wp-json\/wp\/v2\/media?parent=26525"}],"wp:term":[{"taxonomy":"product_cat","embeddable":true,"href":"https:\/\/ddt.lv\/lv\/wp-json\/wp\/v2\/product_cat?post=26525"},{"taxonomy":"product_tag","embeddable":true,"href":"https:\/\/ddt.lv\/lv\/wp-json\/wp\/v2\/product_tag?post=26525"},{"taxonomy":"yst_prominent_words","embeddable":true,"href":"https:\/\/ddt.lv\/lv\/wp-json\/wp\/v2\/yst_prominent_words?post=26525"}],"curies":[{"name":"wp","href":"https:\/\/api.w.org\/{rel}","templated":true}]}}