{"id":26524,"date":"2021-05-13T14:50:20","date_gmt":"2021-05-13T11:50:20","guid":{"rendered":"https:\/\/ddt.lv\/lv\/product\/akumulators-12v-5ah-20h-6-35mm-f2-emos\/"},"modified":"2026-04-01T00:18:10","modified_gmt":"2026-03-31T21:18:10","slug":"akumulators-12v-5ah-20h-6-35mm-f2-emos","status":"publish","type":"product","link":"https:\/\/ddt.lv\/lv\/product\/akumulators-12v-5ah-20h-6-35mm-f2-emos\/","title":{"rendered":"Akumulators 12V 5Ah 20h 6.35mm (F2) EMOS"},"content":{"rendered":"<p>EMOS akumulatoru izmanto k\u0101 rezerves ener\u0123ijas avotu elektronisk\u0101m sist\u0113m\u0101m.Bez apkopes svina akumulators ar AGM vad\u012bbas v\u0101rstiem, kas \u013cauj to izmantot jebkur\u0101 poz\u012bcij\u0101.<\/p>","protected":false},"excerpt":{"rendered":"<p>EMOS akumulatoru izmanto k\u0101 rezerves ener\u0123ijas avotu elektronisk\u0101m sist\u0113m\u0101m.Bez apkopes svina akumulators ar AGM vad\u012bbas v\u0101rstiem, kas \u013cauj to izmantot jebkur\u0101 poz\u012bcij\u0101.<\/p>\n","protected":false},"featured_media":26535,"comment_status":"closed","ping_status":"closed","template":"","meta":{"inline_featured_image":false},"product_cat":[456],"product_tag":[],"yst_prominent_words":[],"class_list":{"0":"post-26524","1":"product","2":"type-product","3":"status-publish","4":"has-post-thumbnail","6":"product_cat-cf-akumulatori","8":"first","9":"instock","10":"taxable","11":"shipping-taxable","12":"purchasable","13":"product-type-simple"},"jetpack_sharing_enabled":true,"_links":{"self":[{"href":"https:\/\/ddt.lv\/lv\/wp-json\/wp\/v2\/product\/26524"}],"collection":[{"href":"https:\/\/ddt.lv\/lv\/wp-json\/wp\/v2\/product"}],"about":[{"href":"https:\/\/ddt.lv\/lv\/wp-json\/wp\/v2\/types\/product"}],"replies":[{"embeddable":true,"href":"https:\/\/ddt.lv\/lv\/wp-json\/wp\/v2\/comments?post=26524"}],"wp:featuredmedia":[{"embeddable":true,"href":"https:\/\/ddt.lv\/lv\/wp-json\/wp\/v2\/media\/26535"}],"wp:attachment":[{"href":"https:\/\/ddt.lv\/lv\/wp-json\/wp\/v2\/media?parent=26524"}],"wp:term":[{"taxonomy":"product_cat","embeddable":true,"href":"https:\/\/ddt.lv\/lv\/wp-json\/wp\/v2\/product_cat?post=26524"},{"taxonomy":"product_tag","embeddable":true,"href":"https:\/\/ddt.lv\/lv\/wp-json\/wp\/v2\/product_tag?post=26524"},{"taxonomy":"yst_prominent_words","embeddable":true,"href":"https:\/\/ddt.lv\/lv\/wp-json\/wp\/v2\/yst_prominent_words?post=26524"}],"curies":[{"name":"wp","href":"https:\/\/api.w.org\/{rel}","templated":true}]}}