{"id":26480,"date":"2021-05-08T14:30:33","date_gmt":"2021-05-08T11:30:33","guid":{"rendered":"https:\/\/ddt.lv\/lv\/product\/toledo-118mm-15w-r7s-2000lm-240v-2700k-bl-dim-sylv-spuldze\/"},"modified":"2026-04-08T14:42:47","modified_gmt":"2026-04-08T11:42:47","slug":"toledo-118mm-15w-r7s-2000lm-240v-2700k-bl-dim-sylv-spuldze","status":"publish","type":"product","link":"https:\/\/ddt.lv\/lv\/product\/toledo-118mm-15w-r7s-2000lm-240v-2700k-bl-dim-sylv-spuldze\/","title":{"rendered":"ToLEDo LED 118mm 15W R7s 2000LM 240V 2700K DIM Sylvania spuldze"},"content":{"rendered":"<p>ToLEDo R7s ir modific\u0113ts tradicion\u0101lo halog\u0113na line\u0101ro R7s lampu nomai\u0146ai \u2022 330 \u00b0 gaismas virziena sadal\u012bjums: visi virzieni \u2022 Augsta gaismas l\u016bmena efektivit\u0101te: 133 lm \/ W \u2022 Gaismas pl\u016bsma: 2000 lm \u2022 A ++ energoefektivit\u0101tes klase \u2022 Iztur\u012bga konstrukcija \u2022 Garums : 118mm \u2022 Dimm\u0113jama \u2022 25 000 stundu vid\u0113jais nomin\u0101lais m\u016b\u017es \u2022 Ide\u0101li piem\u0113rots lieto\u0161anai m\u0101j\u0101s un komerci\u0101li<\/p>","protected":false},"excerpt":{"rendered":"<p>ToLEDo R7s ir modific\u0113ts tradicion\u0101lo halog\u0113na line\u0101ro R7s lampu nomai\u0146ai \u2022 330 \u00b0 gaismas virziena sadal\u012bjums: visi virzieni \u2022 Augsta gaismas l\u016bmena efektivit\u0101te: 133 lm \/ W \u2022 Gaismas pl\u016bsma: 2000 lm \u2022 A ++ energoefektivit\u0101tes klase \u2022 Iztur\u012bga konstrukcija \u2022 Garums : 118mm \u2022 Dimm\u0113jama \u2022 25 000 stundu vid\u0113jais nomin\u0101lais m\u016b\u017es \u2022 Ide\u0101li [&hellip;]<\/p>\n","protected":false},"featured_media":26483,"comment_status":"closed","ping_status":"closed","template":"","meta":{"inline_featured_image":false},"product_cat":[772,1123],"product_tag":[],"yst_prominent_words":[],"class_list":{"0":"post-26480","1":"product","2":"type-product","3":"status-publish","4":"has-post-thumbnail","6":"product_cat-atlaides","7":"product_cat-r7s","9":"first","10":"outofstock","11":"sale","12":"taxable","13":"shipping-taxable","14":"purchasable","15":"product-type-simple"},"jetpack_sharing_enabled":true,"_links":{"self":[{"href":"https:\/\/ddt.lv\/lv\/wp-json\/wp\/v2\/product\/26480"}],"collection":[{"href":"https:\/\/ddt.lv\/lv\/wp-json\/wp\/v2\/product"}],"about":[{"href":"https:\/\/ddt.lv\/lv\/wp-json\/wp\/v2\/types\/product"}],"replies":[{"embeddable":true,"href":"https:\/\/ddt.lv\/lv\/wp-json\/wp\/v2\/comments?post=26480"}],"wp:featuredmedia":[{"embeddable":true,"href":"https:\/\/ddt.lv\/lv\/wp-json\/wp\/v2\/media\/26483"}],"wp:attachment":[{"href":"https:\/\/ddt.lv\/lv\/wp-json\/wp\/v2\/media?parent=26480"}],"wp:term":[{"taxonomy":"product_cat","embeddable":true,"href":"https:\/\/ddt.lv\/lv\/wp-json\/wp\/v2\/product_cat?post=26480"},{"taxonomy":"product_tag","embeddable":true,"href":"https:\/\/ddt.lv\/lv\/wp-json\/wp\/v2\/product_tag?post=26480"},{"taxonomy":"yst_prominent_words","embeddable":true,"href":"https:\/\/ddt.lv\/lv\/wp-json\/wp\/v2\/yst_prominent_words?post=26480"}],"curies":[{"name":"wp","href":"https:\/\/api.w.org\/{rel}","templated":true}]}}