{"id":26451,"date":"2021-05-07T14:30:15","date_gmt":"2021-05-07T11:30:15","guid":{"rendered":"https:\/\/ddt.lv\/lv\/product\/e27-0-6w-230v-50lm-st14-led-filament-dek-sp-kompl-5gb-avide\/"},"modified":"2026-04-01T00:18:04","modified_gmt":"2026-03-31T21:18:04","slug":"e27-0-6w-230v-50lm-st14-led-filament-dek-sp-kompl-5gb-avide","status":"publish","type":"product","link":"https:\/\/ddt.lv\/lv\/product\/e27-0-6w-230v-50lm-st14-led-filament-dek-sp-kompl-5gb-avide\/","title":{"rendered":"E27 0.6W 230V 50lm  ST14 LED FILAMENT dekorat\u012bvas spuldzes, kr\u0101sainas, komplekts 5gb AVIDE"},"content":{"rendered":"<p>LED FILAMENT deko spuld\u017eu komplekts<\/p>","protected":false},"excerpt":{"rendered":"<p>LED FILAMENT deko spuld\u017eu komplekts<\/p>\n","protected":false},"featured_media":26471,"comment_status":"closed","ping_status":"closed","template":"","meta":{"inline_featured_image":false},"product_cat":[1332],"product_tag":[],"yst_prominent_words":[],"class_list":{"0":"post-26451","1":"product","2":"type-product","3":"status-publish","4":"has-post-thumbnail","6":"product_cat-krasainas-led-spuldzes","8":"first","9":"outofstock","10":"taxable","11":"shipping-taxable","12":"purchasable","13":"product-type-simple"},"jetpack_sharing_enabled":true,"_links":{"self":[{"href":"https:\/\/ddt.lv\/lv\/wp-json\/wp\/v2\/product\/26451"}],"collection":[{"href":"https:\/\/ddt.lv\/lv\/wp-json\/wp\/v2\/product"}],"about":[{"href":"https:\/\/ddt.lv\/lv\/wp-json\/wp\/v2\/types\/product"}],"replies":[{"embeddable":true,"href":"https:\/\/ddt.lv\/lv\/wp-json\/wp\/v2\/comments?post=26451"}],"wp:featuredmedia":[{"embeddable":true,"href":"https:\/\/ddt.lv\/lv\/wp-json\/wp\/v2\/media\/26471"}],"wp:attachment":[{"href":"https:\/\/ddt.lv\/lv\/wp-json\/wp\/v2\/media?parent=26451"}],"wp:term":[{"taxonomy":"product_cat","embeddable":true,"href":"https:\/\/ddt.lv\/lv\/wp-json\/wp\/v2\/product_cat?post=26451"},{"taxonomy":"product_tag","embeddable":true,"href":"https:\/\/ddt.lv\/lv\/wp-json\/wp\/v2\/product_tag?post=26451"},{"taxonomy":"yst_prominent_words","embeddable":true,"href":"https:\/\/ddt.lv\/lv\/wp-json\/wp\/v2\/yst_prominent_words?post=26451"}],"curies":[{"name":"wp","href":"https:\/\/api.w.org\/{rel}","templated":true}]}}