{"id":26445,"date":"2021-05-07T14:30:10","date_gmt":"2021-05-07T11:30:10","guid":{"rendered":"https:\/\/ddt.lv\/lv\/product\/virtene-terasem-24sp-e27-15m-ip44-max-1x30w-2x1-0mm2-savienojama-lidz-200m-vai-750wavide\/"},"modified":"2026-04-13T09:57:51","modified_gmt":"2026-04-13T06:57:51","slug":"virtene-terasem-24sp-e27-15m-ip44-max-1x30w-2x1-0mm2-savienojama-lidz-200m-vai-750wavide","status":"publish","type":"product","link":"https:\/\/ddt.lv\/lv\/product\/virtene-terasem-24sp-e27-15m-ip44-max-1x30w-2x1-0mm2-savienojama-lidz-200m-vai-750wavide\/","title":{"rendered":"Virtene teras\u0113m 24 spuldz\u0113m E27 15m IP44 max.24x30W Savienojama l\u012bdz 200m vai 750W AVIDE"},"content":{"rendered":"<p>Savienojama, maks. 720 W vai 200 m<\/p>","protected":false},"excerpt":{"rendered":"<p>Savienojama, maks. 720 W vai 200 m<\/p>\n","protected":false},"featured_media":26459,"comment_status":"closed","ping_status":"closed","template":"","meta":{"inline_featured_image":false},"product_cat":[1587,912],"product_tag":[],"yst_prominent_words":[],"class_list":{"0":"post-26445","1":"product","2":"type-product","3":"status-publish","4":"has-post-thumbnail","6":"product_cat-apgaismojums-virtenes","7":"product_cat-ara-virtenes","9":"first","10":"instock","11":"taxable","12":"shipping-taxable","13":"purchasable","14":"product-type-simple"},"jetpack_sharing_enabled":true,"_links":{"self":[{"href":"https:\/\/ddt.lv\/lv\/wp-json\/wp\/v2\/product\/26445"}],"collection":[{"href":"https:\/\/ddt.lv\/lv\/wp-json\/wp\/v2\/product"}],"about":[{"href":"https:\/\/ddt.lv\/lv\/wp-json\/wp\/v2\/types\/product"}],"replies":[{"embeddable":true,"href":"https:\/\/ddt.lv\/lv\/wp-json\/wp\/v2\/comments?post=26445"}],"wp:featuredmedia":[{"embeddable":true,"href":"https:\/\/ddt.lv\/lv\/wp-json\/wp\/v2\/media\/26459"}],"wp:attachment":[{"href":"https:\/\/ddt.lv\/lv\/wp-json\/wp\/v2\/media?parent=26445"}],"wp:term":[{"taxonomy":"product_cat","embeddable":true,"href":"https:\/\/ddt.lv\/lv\/wp-json\/wp\/v2\/product_cat?post=26445"},{"taxonomy":"product_tag","embeddable":true,"href":"https:\/\/ddt.lv\/lv\/wp-json\/wp\/v2\/product_tag?post=26445"},{"taxonomy":"yst_prominent_words","embeddable":true,"href":"https:\/\/ddt.lv\/lv\/wp-json\/wp\/v2\/yst_prominent_words?post=26445"}],"curies":[{"name":"wp","href":"https:\/\/api.w.org\/{rel}","templated":true}]}}