{"id":26444,"date":"2021-05-07T14:20:10","date_gmt":"2021-05-07T11:20:10","guid":{"rendered":"https:\/\/ddt.lv\/lv\/product\/led-vintage-g95-e27-8w-230v-720lm-2400k-dim-fil-spuldze-avide\/"},"modified":"2026-04-08T14:37:42","modified_gmt":"2026-04-08T11:37:42","slug":"led-vintage-g95-e27-8w-230v-720lm-2400k-dim-fil-spuldze-avide","status":"publish","type":"product","link":"https:\/\/ddt.lv\/lv\/product\/led-vintage-g95-e27-8w-230v-720lm-2400k-dim-fil-spuldze-avide\/","title":{"rendered":"LED VINTAGE G95 E27 8W 230V 720lm 2400K dim. Fil. spuldze AVIDE"},"content":{"rendered":"<p>LED kv\u0113ldiega izstr\u0101d\u0101jumi ir profesion\u0101li izstr\u0101d\u0101ti gaismas avoti, kurus var izmantot, lai efekt\u012bvi aizst\u0101tu tradicion\u0101l\u0101s spuldzes liel\u0101kaj\u0101 da\u013c\u0101 apgaismojuma vides.<\/p>","protected":false},"excerpt":{"rendered":"<p>LED kv\u0113ldiega izstr\u0101d\u0101jumi ir profesion\u0101li izstr\u0101d\u0101ti gaismas avoti, kurus var izmantot, lai efekt\u012bvi aizst\u0101tu tradicion\u0101l\u0101s spuldzes liel\u0101kaj\u0101 da\u013c\u0101 apgaismojuma vides.<\/p>\n","protected":false},"featured_media":26453,"comment_status":"closed","ping_status":"closed","template":"","meta":{"inline_featured_image":false},"product_cat":[875],"product_tag":[],"yst_prominent_words":[],"class_list":{"0":"post-26444","1":"product","2":"type-product","3":"status-publish","4":"has-post-thumbnail","6":"product_cat-dekorativas-led-spuldzes-dekorativas-spuldzes-spuldzes","8":"first","9":"instock","10":"taxable","11":"shipping-taxable","12":"purchasable","13":"product-type-simple"},"jetpack_sharing_enabled":true,"_links":{"self":[{"href":"https:\/\/ddt.lv\/lv\/wp-json\/wp\/v2\/product\/26444"}],"collection":[{"href":"https:\/\/ddt.lv\/lv\/wp-json\/wp\/v2\/product"}],"about":[{"href":"https:\/\/ddt.lv\/lv\/wp-json\/wp\/v2\/types\/product"}],"replies":[{"embeddable":true,"href":"https:\/\/ddt.lv\/lv\/wp-json\/wp\/v2\/comments?post=26444"}],"wp:featuredmedia":[{"embeddable":true,"href":"https:\/\/ddt.lv\/lv\/wp-json\/wp\/v2\/media\/26453"}],"wp:attachment":[{"href":"https:\/\/ddt.lv\/lv\/wp-json\/wp\/v2\/media?parent=26444"}],"wp:term":[{"taxonomy":"product_cat","embeddable":true,"href":"https:\/\/ddt.lv\/lv\/wp-json\/wp\/v2\/product_cat?post=26444"},{"taxonomy":"product_tag","embeddable":true,"href":"https:\/\/ddt.lv\/lv\/wp-json\/wp\/v2\/product_tag?post=26444"},{"taxonomy":"yst_prominent_words","embeddable":true,"href":"https:\/\/ddt.lv\/lv\/wp-json\/wp\/v2\/yst_prominent_words?post=26444"}],"curies":[{"name":"wp","href":"https:\/\/api.w.org\/{rel}","templated":true}]}}