{"id":26322,"date":"2021-04-28T12:40:23","date_gmt":"2021-04-28T09:40:23","guid":{"rendered":"https:\/\/ddt.lv\/lv\/product\/velo-lukturu-komplekts-2gab-1w-cob-led-4xcr2032-emos\/"},"modified":"2026-04-17T13:26:03","modified_gmt":"2026-04-17T10:26:03","slug":"velo-lukturu-komplekts-2gab-1w-cob-led-4xcr2032-emos","status":"publish","type":"product","link":"https:\/\/ddt.lv\/lv\/product\/velo-lukturu-komplekts-2gab-1w-cob-led-4xcr2032-emos\/","title":{"rendered":"Velo lukturu komplekts 2gab. 1W COB LED 4xCR2032 EMOS"},"content":{"rendered":"<p>Maksim\u0101l\u0101 gaismas pl\u016bsma 22 lm.Baro\u0161anas avots 2 \u00d7 2 CR2032.Gaismas avots COB LED .<\/p>","protected":false},"excerpt":{"rendered":"<p>Maksim\u0101l\u0101 gaismas pl\u016bsma 22 lm.Baro\u0161anas avots 2 \u00d7 2 CR2032.Gaismas avots COB LED .<\/p>\n","protected":false},"featured_media":26348,"comment_status":"closed","ping_status":"closed","template":"","meta":{"inline_featured_image":false},"product_cat":[1328],"product_tag":[],"yst_prominent_words":[],"class_list":{"0":"post-26322","1":"product","2":"type-product","3":"status-publish","4":"has-post-thumbnail","6":"product_cat-velo-lukturi","8":"first","9":"instock","10":"taxable","11":"shipping-taxable","12":"purchasable","13":"product-type-simple"},"jetpack_sharing_enabled":true,"_links":{"self":[{"href":"https:\/\/ddt.lv\/lv\/wp-json\/wp\/v2\/product\/26322"}],"collection":[{"href":"https:\/\/ddt.lv\/lv\/wp-json\/wp\/v2\/product"}],"about":[{"href":"https:\/\/ddt.lv\/lv\/wp-json\/wp\/v2\/types\/product"}],"replies":[{"embeddable":true,"href":"https:\/\/ddt.lv\/lv\/wp-json\/wp\/v2\/comments?post=26322"}],"wp:featuredmedia":[{"embeddable":true,"href":"https:\/\/ddt.lv\/lv\/wp-json\/wp\/v2\/media\/26348"}],"wp:attachment":[{"href":"https:\/\/ddt.lv\/lv\/wp-json\/wp\/v2\/media?parent=26322"}],"wp:term":[{"taxonomy":"product_cat","embeddable":true,"href":"https:\/\/ddt.lv\/lv\/wp-json\/wp\/v2\/product_cat?post=26322"},{"taxonomy":"product_tag","embeddable":true,"href":"https:\/\/ddt.lv\/lv\/wp-json\/wp\/v2\/product_tag?post=26322"},{"taxonomy":"yst_prominent_words","embeddable":true,"href":"https:\/\/ddt.lv\/lv\/wp-json\/wp\/v2\/yst_prominent_words?post=26322"}],"curies":[{"name":"wp","href":"https:\/\/api.w.org\/{rel}","templated":true}]}}