{"id":26319,"date":"2021-04-28T12:40:20","date_gmt":"2021-04-28T09:40:20","guid":{"rendered":"https:\/\/ddt.lv\/lv\/product\/velo-lukturis-prieksejais-3led-3xaaa-balts-emos\/"},"modified":"2026-04-13T09:52:08","modified_gmt":"2026-04-13T06:52:08","slug":"velo-lukturis-prieksejais-3led-3xaaa-balts-emos","status":"publish","type":"product","link":"https:\/\/ddt.lv\/lv\/product\/velo-lukturis-prieksejais-3led-3xaaa-balts-emos\/","title":{"rendered":"Velo lukturis priek\u0161\u0113jais 3LED 3xAAA balts EMOS"},"content":{"rendered":"<p>Augstas kvalit\u0101tes priek\u0161\u0113jais \u016bdensiztur\u012bgs un triecieniztur\u012bgs LED velosip\u0113du lukturis ar vair\u0101kiem apgaismojuma re\u017e\u012bmiem un praktisku velosip\u0113da tur\u0113t\u0101ju.<\/p>","protected":false},"excerpt":{"rendered":"<p>Augstas kvalit\u0101tes priek\u0161\u0113jais \u016bdensiztur\u012bgs un triecieniztur\u012bgs LED velosip\u0113du lukturis ar vair\u0101kiem apgaismojuma re\u017e\u012bmiem un praktisku velosip\u0113da tur\u0113t\u0101ju.<\/p>\n","protected":false},"featured_media":26336,"comment_status":"closed","ping_status":"closed","template":"","meta":{"inline_featured_image":false},"product_cat":[1328],"product_tag":[],"yst_prominent_words":[],"class_list":{"0":"post-26319","1":"product","2":"type-product","3":"status-publish","4":"has-post-thumbnail","6":"product_cat-velo-lukturi","8":"first","9":"outofstock","10":"taxable","11":"shipping-taxable","12":"purchasable","13":"product-type-simple"},"jetpack_sharing_enabled":true,"_links":{"self":[{"href":"https:\/\/ddt.lv\/lv\/wp-json\/wp\/v2\/product\/26319"}],"collection":[{"href":"https:\/\/ddt.lv\/lv\/wp-json\/wp\/v2\/product"}],"about":[{"href":"https:\/\/ddt.lv\/lv\/wp-json\/wp\/v2\/types\/product"}],"replies":[{"embeddable":true,"href":"https:\/\/ddt.lv\/lv\/wp-json\/wp\/v2\/comments?post=26319"}],"wp:featuredmedia":[{"embeddable":true,"href":"https:\/\/ddt.lv\/lv\/wp-json\/wp\/v2\/media\/26336"}],"wp:attachment":[{"href":"https:\/\/ddt.lv\/lv\/wp-json\/wp\/v2\/media?parent=26319"}],"wp:term":[{"taxonomy":"product_cat","embeddable":true,"href":"https:\/\/ddt.lv\/lv\/wp-json\/wp\/v2\/product_cat?post=26319"},{"taxonomy":"product_tag","embeddable":true,"href":"https:\/\/ddt.lv\/lv\/wp-json\/wp\/v2\/product_tag?post=26319"},{"taxonomy":"yst_prominent_words","embeddable":true,"href":"https:\/\/ddt.lv\/lv\/wp-json\/wp\/v2\/yst_prominent_words?post=26319"}],"curies":[{"name":"wp","href":"https:\/\/api.w.org\/{rel}","templated":true}]}}