{"id":26318,"date":"2021-04-28T12:40:19","date_gmt":"2021-04-28T09:40:19","guid":{"rendered":"https:\/\/ddt.lv\/lv\/product\/velo-lukturis-aizmugures-3led-2xaaa-emos\/"},"modified":"2026-04-13T09:56:47","modified_gmt":"2026-04-13T06:56:47","slug":"velo-lukturis-aizmugures-3led-2xaaa-emos","status":"publish","type":"product","link":"https:\/\/ddt.lv\/lv\/product\/velo-lukturis-aizmugures-3led-2xaaa-emos\/","title":{"rendered":"Velo lukturis aizmugures 3LED 2xAAA EMOS"},"content":{"rendered":"<p>Augstas kvalit\u0101tes aizmugur\u0113j\u0101 \u016bdensiztur\u012bg\u0101 sarkan\u0101 LED velosip\u0113du gaisma ar vair\u0101kiem apgaismojuma re\u017e\u012bmiem un praktisku tur\u0113t\u0101ju velosip\u0113dam vai mugursomai.<\/p>","protected":false},"excerpt":{"rendered":"<p>Augstas kvalit\u0101tes aizmugur\u0113j\u0101 \u016bdensiztur\u012bg\u0101 sarkan\u0101 LED velosip\u0113du gaisma ar vair\u0101kiem apgaismojuma re\u017e\u012bmiem un praktisku tur\u0113t\u0101ju velosip\u0113dam vai mugursomai.<\/p>\n","protected":false},"featured_media":26327,"comment_status":"closed","ping_status":"closed","template":"","meta":{"inline_featured_image":false},"product_cat":[1328],"product_tag":[],"yst_prominent_words":[],"class_list":{"0":"post-26318","1":"product","2":"type-product","3":"status-publish","4":"has-post-thumbnail","6":"product_cat-velo-lukturi","8":"first","9":"outofstock","10":"taxable","11":"shipping-taxable","12":"purchasable","13":"product-type-simple"},"jetpack_sharing_enabled":true,"_links":{"self":[{"href":"https:\/\/ddt.lv\/lv\/wp-json\/wp\/v2\/product\/26318"}],"collection":[{"href":"https:\/\/ddt.lv\/lv\/wp-json\/wp\/v2\/product"}],"about":[{"href":"https:\/\/ddt.lv\/lv\/wp-json\/wp\/v2\/types\/product"}],"replies":[{"embeddable":true,"href":"https:\/\/ddt.lv\/lv\/wp-json\/wp\/v2\/comments?post=26318"}],"wp:featuredmedia":[{"embeddable":true,"href":"https:\/\/ddt.lv\/lv\/wp-json\/wp\/v2\/media\/26327"}],"wp:attachment":[{"href":"https:\/\/ddt.lv\/lv\/wp-json\/wp\/v2\/media?parent=26318"}],"wp:term":[{"taxonomy":"product_cat","embeddable":true,"href":"https:\/\/ddt.lv\/lv\/wp-json\/wp\/v2\/product_cat?post=26318"},{"taxonomy":"product_tag","embeddable":true,"href":"https:\/\/ddt.lv\/lv\/wp-json\/wp\/v2\/product_tag?post=26318"},{"taxonomy":"yst_prominent_words","embeddable":true,"href":"https:\/\/ddt.lv\/lv\/wp-json\/wp\/v2\/yst_prominent_words?post=26318"}],"curies":[{"name":"wp","href":"https:\/\/api.w.org\/{rel}","templated":true}]}}