{"id":26317,"date":"2021-04-28T12:40:19","date_gmt":"2021-04-28T09:40:19","guid":{"rendered":"https:\/\/ddt.lv\/lv\/product\/lukturis-3w-led-120lm-ip65-3xaaa-zoom-velo-turetajs-emos\/"},"modified":"2026-04-13T09:56:18","modified_gmt":"2026-04-13T06:56:18","slug":"lukturis-3w-led-120lm-ip65-3xaaa-zoom-velo-turetajs-emos","status":"publish","type":"product","link":"https:\/\/ddt.lv\/lv\/product\/lukturis-3w-led-120lm-ip65-3xaaa-zoom-velo-turetajs-emos\/","title":{"rendered":"Lukturis 3W LED 120lm IP65 3xAAA ZOOM +velo tur\u0113t\u0101js EMOS"},"content":{"rendered":"<p>Praktisks lukturis.ide\u0101li piem\u0113rots m\u0101j\u0101m, kempingiem, ar\u012b k\u0101 alternat\u012bvs gaismas avots m\u0101j\u0101s str\u0101vas padeves p\u0101rtraukuma gad\u012bjum\u0101.<\/p>","protected":false},"excerpt":{"rendered":"<p>Praktisks lukturis.ide\u0101li piem\u0113rots m\u0101j\u0101m, kempingiem, ar\u012b k\u0101 alternat\u012bvs gaismas avots m\u0101j\u0101s str\u0101vas padeves p\u0101rtraukuma gad\u012bjum\u0101.<\/p>\n","protected":false},"featured_media":26331,"comment_status":"closed","ping_status":"closed","template":"","meta":{"inline_featured_image":false},"product_cat":[1328],"product_tag":[],"yst_prominent_words":[],"class_list":{"0":"post-26317","1":"product","2":"type-product","3":"status-publish","4":"has-post-thumbnail","6":"product_cat-velo-lukturi","8":"first","9":"instock","10":"taxable","11":"shipping-taxable","12":"purchasable","13":"product-type-simple"},"jetpack_sharing_enabled":true,"_links":{"self":[{"href":"https:\/\/ddt.lv\/lv\/wp-json\/wp\/v2\/product\/26317"}],"collection":[{"href":"https:\/\/ddt.lv\/lv\/wp-json\/wp\/v2\/product"}],"about":[{"href":"https:\/\/ddt.lv\/lv\/wp-json\/wp\/v2\/types\/product"}],"replies":[{"embeddable":true,"href":"https:\/\/ddt.lv\/lv\/wp-json\/wp\/v2\/comments?post=26317"}],"wp:featuredmedia":[{"embeddable":true,"href":"https:\/\/ddt.lv\/lv\/wp-json\/wp\/v2\/media\/26331"}],"wp:attachment":[{"href":"https:\/\/ddt.lv\/lv\/wp-json\/wp\/v2\/media?parent=26317"}],"wp:term":[{"taxonomy":"product_cat","embeddable":true,"href":"https:\/\/ddt.lv\/lv\/wp-json\/wp\/v2\/product_cat?post=26317"},{"taxonomy":"product_tag","embeddable":true,"href":"https:\/\/ddt.lv\/lv\/wp-json\/wp\/v2\/product_tag?post=26317"},{"taxonomy":"yst_prominent_words","embeddable":true,"href":"https:\/\/ddt.lv\/lv\/wp-json\/wp\/v2\/yst_prominent_words?post=26317"}],"curies":[{"name":"wp","href":"https:\/\/api.w.org\/{rel}","templated":true}]}}