{"id":26311,"date":"2021-04-27T13:40:11","date_gmt":"2021-04-27T10:40:11","guid":{"rendered":"https:\/\/ddt.lv\/lv\/product\/aa-accu-baterijas-ladejamas-ni-mh-2700mah-4gb-arcas\/"},"modified":"2026-04-13T10:00:27","modified_gmt":"2026-04-13T07:00:27","slug":"aa-accu-baterijas-ladejamas-ni-mh-2700mah-4gb-arcas","status":"publish","type":"product","link":"https:\/\/ddt.lv\/lv\/product\/aa-accu-baterijas-ladejamas-ni-mh-2700mah-4gb-arcas\/","title":{"rendered":"AA accu baterijas l\u0101d\u0113jamas  NI-MH 2700mAh 4gb. Arcas"},"content":{"rendered":"<p>Labas uzl\u0101d\u0113jamas AA baterijas no Arcas. L\u0113ta un lieliska alternat\u012bva. Piem\u0113rots \u0101trai uzl\u0101d\u0113\u0161anai. Var uzl\u0101d\u0113t simtiem rei\u017eu.<\/p>\n<p><\/p>","protected":false},"excerpt":{"rendered":"<p>Labas uzl\u0101d\u0113jamas AA baterijas no Arcas. L\u0113ta un lieliska alternat\u012bva. Piem\u0113rots \u0101trai uzl\u0101d\u0113\u0161anai. Var uzl\u0101d\u0113t simtiem rei\u017eu.<\/p>\n","protected":false},"featured_media":26312,"comment_status":"closed","ping_status":"closed","template":"","meta":{"inline_featured_image":false},"product_cat":[441],"product_tag":[],"yst_prominent_words":[],"class_list":{"0":"post-26311","1":"product","2":"type-product","3":"status-publish","4":"has-post-thumbnail","6":"product_cat-aa","8":"first","9":"instock","10":"taxable","11":"shipping-taxable","12":"purchasable","13":"product-type-simple"},"jetpack_sharing_enabled":true,"_links":{"self":[{"href":"https:\/\/ddt.lv\/lv\/wp-json\/wp\/v2\/product\/26311"}],"collection":[{"href":"https:\/\/ddt.lv\/lv\/wp-json\/wp\/v2\/product"}],"about":[{"href":"https:\/\/ddt.lv\/lv\/wp-json\/wp\/v2\/types\/product"}],"replies":[{"embeddable":true,"href":"https:\/\/ddt.lv\/lv\/wp-json\/wp\/v2\/comments?post=26311"}],"wp:featuredmedia":[{"embeddable":true,"href":"https:\/\/ddt.lv\/lv\/wp-json\/wp\/v2\/media\/26312"}],"wp:attachment":[{"href":"https:\/\/ddt.lv\/lv\/wp-json\/wp\/v2\/media?parent=26311"}],"wp:term":[{"taxonomy":"product_cat","embeddable":true,"href":"https:\/\/ddt.lv\/lv\/wp-json\/wp\/v2\/product_cat?post=26311"},{"taxonomy":"product_tag","embeddable":true,"href":"https:\/\/ddt.lv\/lv\/wp-json\/wp\/v2\/product_tag?post=26311"},{"taxonomy":"yst_prominent_words","embeddable":true,"href":"https:\/\/ddt.lv\/lv\/wp-json\/wp\/v2\/yst_prominent_words?post=26311"}],"curies":[{"name":"wp","href":"https:\/\/api.w.org\/{rel}","templated":true}]}}