{"id":26300,"date":"2021-04-27T13:10:10","date_gmt":"2021-04-27T10:10:10","guid":{"rendered":"https:\/\/ddt.lv\/lv\/product\/velo-lukturu-komplektspriek-aizm-led-70lm-lade-usb-arcas\/"},"modified":"2026-04-13T11:50:25","modified_gmt":"2026-04-13T08:50:25","slug":"velo-lukturu-komplektspriek-aizm-led-70lm-lade-usb-arcas","status":"publish","type":"product","link":"https:\/\/ddt.lv\/lv\/product\/velo-lukturu-komplektspriek-aizm-led-70lm-lade-usb-arcas\/","title":{"rendered":"Velo lukturu komplekts(priek.+aizm.LED) 70lm l\u0101d\u0113j.USB ARCAS"},"content":{"rendered":"<p>Litija polim\u0113ra akumulators 1700 mAh.L\u0101d\u0113\u0161ana, izmantojot mikro USB ieeju (iek\u013cauts USB kabelis).Gaismas t\u0101lums 135 m.<br \/>\n3 gaismas funkcijas 100%, 60%, 30%.Gaismas pl\u016bsma 20 &#8211; 70 lm.Gaismas ilgums priek\u0161\u0101: apm. 4,5h.Gaismas ilgums aizmugur\u0113jais lukturis: apm. 6 h.<\/p>","protected":false},"excerpt":{"rendered":"<p>Litija polim\u0113ra akumulators 1700 mAh.L\u0101d\u0113\u0161ana, izmantojot mikro USB ieeju (iek\u013cauts USB kabelis).Gaismas t\u0101lums 135 m. 3 gaismas funkcijas 100%, 60%, 30%.Gaismas pl\u016bsma 20 &#8211; 70 lm.Gaismas ilgums priek\u0161\u0101: apm. 4,5h.Gaismas ilgums aizmugur\u0113jais lukturis: apm. 6 h.<\/p>\n","protected":false},"featured_media":26301,"comment_status":"closed","ping_status":"closed","template":"","meta":{"inline_featured_image":false},"product_cat":[1328],"product_tag":[],"yst_prominent_words":[],"class_list":{"0":"post-26300","1":"product","2":"type-product","3":"status-publish","4":"has-post-thumbnail","6":"product_cat-velo-lukturi","8":"first","9":"instock","10":"taxable","11":"shipping-taxable","12":"purchasable","13":"product-type-simple"},"jetpack_sharing_enabled":true,"_links":{"self":[{"href":"https:\/\/ddt.lv\/lv\/wp-json\/wp\/v2\/product\/26300"}],"collection":[{"href":"https:\/\/ddt.lv\/lv\/wp-json\/wp\/v2\/product"}],"about":[{"href":"https:\/\/ddt.lv\/lv\/wp-json\/wp\/v2\/types\/product"}],"replies":[{"embeddable":true,"href":"https:\/\/ddt.lv\/lv\/wp-json\/wp\/v2\/comments?post=26300"}],"wp:featuredmedia":[{"embeddable":true,"href":"https:\/\/ddt.lv\/lv\/wp-json\/wp\/v2\/media\/26301"}],"wp:attachment":[{"href":"https:\/\/ddt.lv\/lv\/wp-json\/wp\/v2\/media?parent=26300"}],"wp:term":[{"taxonomy":"product_cat","embeddable":true,"href":"https:\/\/ddt.lv\/lv\/wp-json\/wp\/v2\/product_cat?post=26300"},{"taxonomy":"product_tag","embeddable":true,"href":"https:\/\/ddt.lv\/lv\/wp-json\/wp\/v2\/product_tag?post=26300"},{"taxonomy":"yst_prominent_words","embeddable":true,"href":"https:\/\/ddt.lv\/lv\/wp-json\/wp\/v2\/yst_prominent_words?post=26300"}],"curies":[{"name":"wp","href":"https:\/\/api.w.org\/{rel}","templated":true}]}}