{"id":26299,"date":"2021-04-27T13:10:09","date_gmt":"2021-04-27T10:10:09","guid":{"rendered":"https:\/\/ddt.lv\/lv\/product\/velo-lukturu-kompl-prieks-aizm-led-2xaaa-4xaa-arcas\/"},"modified":"2026-04-17T13:25:50","modified_gmt":"2026-04-17T10:25:50","slug":"velo-lukturu-kompl-prieks-aizm-led-2xaaa-4xaa-arcas","status":"publish","type":"product","link":"https:\/\/ddt.lv\/lv\/product\/velo-lukturu-kompl-prieks-aizm-led-2xaaa-4xaa-arcas\/","title":{"rendered":"Velo lukturu kompl.(priek\u0161.+aizm.LED) 2xAAA +4xAA ARCAS"},"content":{"rendered":"<p>Priek\u0161\u0113j\u0101 luktura darb\u012bba ar 4 x AA baterij\u0101m.Aizmugures apgaismojuma darb\u012bba ar 2 x AAA baterij\u0101m.Gaismas pl\u016bsma 35 &#8211; 70 lm.<\/p>","protected":false},"excerpt":{"rendered":"<p>Priek\u0161\u0113j\u0101 luktura darb\u012bba ar 4 x AA baterij\u0101m.Aizmugures apgaismojuma darb\u012bba ar 2 x AAA baterij\u0101m.Gaismas pl\u016bsma 35 &#8211; 70 lm.<\/p>\n","protected":false},"featured_media":26307,"comment_status":"closed","ping_status":"closed","template":"","meta":{"inline_featured_image":false},"product_cat":[1328],"product_tag":[],"yst_prominent_words":[],"class_list":{"0":"post-26299","1":"product","2":"type-product","3":"status-publish","4":"has-post-thumbnail","6":"product_cat-velo-lukturi","8":"first","9":"instock","10":"taxable","11":"shipping-taxable","12":"purchasable","13":"product-type-simple"},"jetpack_sharing_enabled":true,"_links":{"self":[{"href":"https:\/\/ddt.lv\/lv\/wp-json\/wp\/v2\/product\/26299"}],"collection":[{"href":"https:\/\/ddt.lv\/lv\/wp-json\/wp\/v2\/product"}],"about":[{"href":"https:\/\/ddt.lv\/lv\/wp-json\/wp\/v2\/types\/product"}],"replies":[{"embeddable":true,"href":"https:\/\/ddt.lv\/lv\/wp-json\/wp\/v2\/comments?post=26299"}],"wp:featuredmedia":[{"embeddable":true,"href":"https:\/\/ddt.lv\/lv\/wp-json\/wp\/v2\/media\/26307"}],"wp:attachment":[{"href":"https:\/\/ddt.lv\/lv\/wp-json\/wp\/v2\/media?parent=26299"}],"wp:term":[{"taxonomy":"product_cat","embeddable":true,"href":"https:\/\/ddt.lv\/lv\/wp-json\/wp\/v2\/product_cat?post=26299"},{"taxonomy":"product_tag","embeddable":true,"href":"https:\/\/ddt.lv\/lv\/wp-json\/wp\/v2\/product_tag?post=26299"},{"taxonomy":"yst_prominent_words","embeddable":true,"href":"https:\/\/ddt.lv\/lv\/wp-json\/wp\/v2\/yst_prominent_words?post=26299"}],"curies":[{"name":"wp","href":"https:\/\/api.w.org\/{rel}","templated":true}]}}