{"id":26272,"date":"2021-04-23T11:50:20","date_gmt":"2021-04-23T08:50:20","guid":{"rendered":"https:\/\/ddt.lv\/lv\/product\/galda-lampa-uzlad-usb-led-8w-300lm-3-6kk-balta-dim-platinet\/"},"modified":"2026-04-13T09:55:31","modified_gmt":"2026-04-13T06:55:31","slug":"galda-lampa-uzlad-usb-led-8w-300lm-3-6kk-balta-dim-platinet","status":"publish","type":"product","link":"https:\/\/ddt.lv\/lv\/product\/galda-lampa-uzlad-usb-led-8w-300lm-3-6kk-balta-dim-platinet\/","title":{"rendered":"Galda lampa ar Telefona uzl\u0101des ligzdu USB LED 8W 300lm 3-6KK balta dimm\u0113jama Platinet"},"content":{"rendered":"<p> Klasiska galda lampa j\u016bsu darbvietai.Tikai 8 W ener\u0123ijas pat\u0113ri\u0146\u0161.400 \u2013 6500 K regul\u0113jama kr\u0101sas temperat\u016bra.Gaismas pl\u016bsma 90 \u2013 300 l\u016bmeni.Plats 120\u00b0 staru kri\u0161anas le\u0146\u0137is, ieb\u016bv\u0113ta USB piesl\u0113gvieta.<br \/>\n<\/p>","protected":false},"excerpt":{"rendered":"<p>Klasiska galda lampa j\u016bsu darbvietai.Tikai 8 W ener\u0123ijas pat\u0113ri\u0146\u0161.400 \u2013 6500 K regul\u0113jama kr\u0101sas temperat\u016bra.Gaismas pl\u016bsma 90 \u2013 300 l\u016bmeni.Plats 120\u00b0 staru kri\u0161anas le\u0146\u0137is, ieb\u016bv\u0113ta USB piesl\u0113gvieta.<\/p>\n","protected":false},"featured_media":26282,"comment_status":"closed","ping_status":"closed","template":"","meta":{"inline_featured_image":false},"product_cat":[1292],"product_tag":[],"yst_prominent_words":[],"class_list":{"0":"post-26272","1":"product","2":"type-product","3":"status-publish","4":"has-post-thumbnail","6":"product_cat-galda-lampas-un-stavlampas-apgaismojums","8":"first","9":"outofstock","10":"taxable","11":"shipping-taxable","12":"purchasable","13":"product-type-simple"},"jetpack_sharing_enabled":true,"_links":{"self":[{"href":"https:\/\/ddt.lv\/lv\/wp-json\/wp\/v2\/product\/26272"}],"collection":[{"href":"https:\/\/ddt.lv\/lv\/wp-json\/wp\/v2\/product"}],"about":[{"href":"https:\/\/ddt.lv\/lv\/wp-json\/wp\/v2\/types\/product"}],"replies":[{"embeddable":true,"href":"https:\/\/ddt.lv\/lv\/wp-json\/wp\/v2\/comments?post=26272"}],"wp:featuredmedia":[{"embeddable":true,"href":"https:\/\/ddt.lv\/lv\/wp-json\/wp\/v2\/media\/26282"}],"wp:attachment":[{"href":"https:\/\/ddt.lv\/lv\/wp-json\/wp\/v2\/media?parent=26272"}],"wp:term":[{"taxonomy":"product_cat","embeddable":true,"href":"https:\/\/ddt.lv\/lv\/wp-json\/wp\/v2\/product_cat?post=26272"},{"taxonomy":"product_tag","embeddable":true,"href":"https:\/\/ddt.lv\/lv\/wp-json\/wp\/v2\/product_tag?post=26272"},{"taxonomy":"yst_prominent_words","embeddable":true,"href":"https:\/\/ddt.lv\/lv\/wp-json\/wp\/v2\/yst_prominent_words?post=26272"}],"curies":[{"name":"wp","href":"https:\/\/api.w.org\/{rel}","templated":true}]}}