{"id":26270,"date":"2021-04-23T11:50:18","date_gmt":"2021-04-23T08:50:18","guid":{"rendered":"https:\/\/ddt.lv\/lv\/product\/26270\/"},"modified":"2026-04-01T00:11:34","modified_gmt":"2026-03-31T21:11:34","slug":"26270","status":"publish","type":"product","link":"https:\/\/ddt.lv\/lv\/product\/galda-lampa-kalend-uzlad-18led-4w-250lm-4000k-dim-rgb-b-avide\/","title":{"rendered":"Galda lampa\/kalend.uzl\u0101d.18LED 4W 250lm 4000K dim.+RGB B AVIDE"},"content":{"rendered":"<p>Ieb\u016bv\u0113ts akumulators, RGB noska\u0146as gaisma,LCD ekr\u0101ns ar: Pulkstenis, Modin\u0101t\u0101js, Kalend\u0101rs, Temperat\u016bra<\/p>","protected":false},"excerpt":{"rendered":"<p>Ieb\u016bv\u0113ts akumulators, RGB noska\u0146as gaisma,LCD ekr\u0101ns ar: Pulkstenis, Modin\u0101t\u0101js, Kalend\u0101rs, Temperat\u016bra<\/p>\n","protected":false},"featured_media":26278,"comment_status":"closed","ping_status":"closed","template":"","meta":{"inline_featured_image":false},"product_cat":[1292],"product_tag":[],"yst_prominent_words":[],"class_list":{"0":"post-26270","1":"product","2":"type-product","3":"status-publish","4":"has-post-thumbnail","6":"product_cat-galda-lampas-un-stavlampas-apgaismojums","8":"first","9":"outofstock","10":"taxable","11":"shipping-taxable","12":"purchasable","13":"product-type-simple"},"jetpack_sharing_enabled":true,"_links":{"self":[{"href":"https:\/\/ddt.lv\/lv\/wp-json\/wp\/v2\/product\/26270"}],"collection":[{"href":"https:\/\/ddt.lv\/lv\/wp-json\/wp\/v2\/product"}],"about":[{"href":"https:\/\/ddt.lv\/lv\/wp-json\/wp\/v2\/types\/product"}],"replies":[{"embeddable":true,"href":"https:\/\/ddt.lv\/lv\/wp-json\/wp\/v2\/comments?post=26270"}],"wp:featuredmedia":[{"embeddable":true,"href":"https:\/\/ddt.lv\/lv\/wp-json\/wp\/v2\/media\/26278"}],"wp:attachment":[{"href":"https:\/\/ddt.lv\/lv\/wp-json\/wp\/v2\/media?parent=26270"}],"wp:term":[{"taxonomy":"product_cat","embeddable":true,"href":"https:\/\/ddt.lv\/lv\/wp-json\/wp\/v2\/product_cat?post=26270"},{"taxonomy":"product_tag","embeddable":true,"href":"https:\/\/ddt.lv\/lv\/wp-json\/wp\/v2\/product_tag?post=26270"},{"taxonomy":"yst_prominent_words","embeddable":true,"href":"https:\/\/ddt.lv\/lv\/wp-json\/wp\/v2\/yst_prominent_words?post=26270"}],"curies":[{"name":"wp","href":"https:\/\/api.w.org\/{rel}","templated":true}]}}