{"id":26240,"date":"2021-04-21T14:10:12","date_gmt":"2021-04-21T11:10:12","guid":{"rendered":"https:\/\/ddt.lv\/lv\/product\/led-gls-spuldze-a60-clear-filament-e27-7w-240v-806lm-2700k-sylvania-syltech\/"},"modified":"2026-04-01T00:17:29","modified_gmt":"2026-03-31T21:17:29","slug":"led-gls-spuldze-a60-clear-filament-e27-7w-240v-806lm-2700k-sylvania-syltech","status":"publish","type":"product","link":"https:\/\/ddt.lv\/lv\/product\/led-gls-spuldze-a60-clear-filament-e27-7w-240v-806lm-2700k-sylvania-syltech\/","title":{"rendered":"LED GLS spuldze A60 Clear FILAMENT E27 7W 240V 806lm 2700K Sylvania SYLTECH"},"content":{"rendered":"<p>LED mikrosh\u0113mu tehnolo\u0123ija, izmantojot virtu\u0101lo kv\u0113ldiega dizainu, kas rada siltu gaisotni, kas l\u012bdzin\u0101s tradicion\u0101laj\u0101m lamp\u0101m.L\u012bdz 90% ener\u0123ijas ietaup\u012bjums, sal\u012bdzinot ar kv\u0113lspuldz\u0113m.<\/p>\n<p><\/p>","protected":false},"excerpt":{"rendered":"<p>LED mikrosh\u0113mu tehnolo\u0123ija, izmantojot virtu\u0101lo kv\u0113ldiega dizainu, kas rada siltu gaisotni, kas l\u012bdzin\u0101s tradicion\u0101laj\u0101m lamp\u0101m.L\u012bdz 90% ener\u0123ijas ietaup\u012bjums, sal\u012bdzinot ar kv\u0113lspuldz\u0113m.<\/p>\n","protected":false},"featured_media":26255,"comment_status":"closed","ping_status":"closed","template":"","meta":{"inline_featured_image":false},"product_cat":[925],"product_tag":[],"yst_prominent_words":[],"class_list":{"0":"post-26240","1":"product","2":"type-product","3":"status-publish","4":"has-post-thumbnail","6":"product_cat-filament-tipa-spuldzes","8":"first","9":"outofstock","10":"taxable","11":"shipping-taxable","12":"purchasable","13":"product-type-simple"},"jetpack_sharing_enabled":true,"_links":{"self":[{"href":"https:\/\/ddt.lv\/lv\/wp-json\/wp\/v2\/product\/26240"}],"collection":[{"href":"https:\/\/ddt.lv\/lv\/wp-json\/wp\/v2\/product"}],"about":[{"href":"https:\/\/ddt.lv\/lv\/wp-json\/wp\/v2\/types\/product"}],"replies":[{"embeddable":true,"href":"https:\/\/ddt.lv\/lv\/wp-json\/wp\/v2\/comments?post=26240"}],"wp:featuredmedia":[{"embeddable":true,"href":"https:\/\/ddt.lv\/lv\/wp-json\/wp\/v2\/media\/26255"}],"wp:attachment":[{"href":"https:\/\/ddt.lv\/lv\/wp-json\/wp\/v2\/media?parent=26240"}],"wp:term":[{"taxonomy":"product_cat","embeddable":true,"href":"https:\/\/ddt.lv\/lv\/wp-json\/wp\/v2\/product_cat?post=26240"},{"taxonomy":"product_tag","embeddable":true,"href":"https:\/\/ddt.lv\/lv\/wp-json\/wp\/v2\/product_tag?post=26240"},{"taxonomy":"yst_prominent_words","embeddable":true,"href":"https:\/\/ddt.lv\/lv\/wp-json\/wp\/v2\/yst_prominent_words?post=26240"}],"curies":[{"name":"wp","href":"https:\/\/api.w.org\/{rel}","templated":true}]}}