{"id":26237,"date":"2021-04-21T14:10:10","date_gmt":"2021-04-21T11:10:10","guid":{"rendered":"https:\/\/ddt.lv\/lv\/product\/led-spuldze-gls-a65-frosted-e27-15w-230v-1521lm-2700k-cri80-sylvania-syltech\/"},"modified":"2026-04-13T09:57:18","modified_gmt":"2026-04-13T06:57:18","slug":"led-spuldze-gls-a65-frosted-e27-15w-230v-1521lm-2700k-cri80-sylvania-syltech","status":"publish","type":"product","link":"https:\/\/ddt.lv\/lv\/product\/led-spuldze-gls-a65-frosted-e27-15w-230v-1521lm-2700k-cri80-sylvania-syltech\/","title":{"rendered":"LED spuldze GLS A65 frosted E27 15W 230V 1521lm 2700K CRI80 Sylvania SYLTECH"},"content":{"rendered":"<p>Ener\u0123ijas ietaup\u012bjums l\u012bdz 84% sal\u012bdzin\u0101jum\u0101 ar kv\u0113lspuldz\u0113m \u2022 T\u016bl\u012bt\u0113ja gaisma, nospie\u017eot sl\u0113dzi \u2022 Laba kr\u0101su atveido\u0161ana (CRI 80+) \u2022 Vid\u0113jais nomin\u0101lais kalpo\u0161anas laiks 15 000h<\/p>","protected":false},"excerpt":{"rendered":"<p>Ener\u0123ijas ietaup\u012bjums l\u012bdz 84% sal\u012bdzin\u0101jum\u0101 ar kv\u0113lspuldz\u0113m \u2022 T\u016bl\u012bt\u0113ja gaisma, nospie\u017eot sl\u0113dzi \u2022 Laba kr\u0101su atveido\u0161ana (CRI 80+) \u2022 Vid\u0113jais nomin\u0101lais kalpo\u0161anas laiks 15 000h<\/p>\n","protected":false},"featured_media":26247,"comment_status":"closed","ping_status":"closed","template":"","meta":{"inline_featured_image":false},"product_cat":[772,850],"product_tag":[],"yst_prominent_words":[],"class_list":{"0":"post-26237","1":"product","2":"type-product","3":"status-publish","4":"has-post-thumbnail","6":"product_cat-atlaides","7":"product_cat-e27-spuldzes","9":"first","10":"instock","11":"sale","12":"taxable","13":"shipping-taxable","14":"purchasable","15":"product-type-simple"},"jetpack_sharing_enabled":true,"_links":{"self":[{"href":"https:\/\/ddt.lv\/lv\/wp-json\/wp\/v2\/product\/26237"}],"collection":[{"href":"https:\/\/ddt.lv\/lv\/wp-json\/wp\/v2\/product"}],"about":[{"href":"https:\/\/ddt.lv\/lv\/wp-json\/wp\/v2\/types\/product"}],"replies":[{"embeddable":true,"href":"https:\/\/ddt.lv\/lv\/wp-json\/wp\/v2\/comments?post=26237"}],"wp:featuredmedia":[{"embeddable":true,"href":"https:\/\/ddt.lv\/lv\/wp-json\/wp\/v2\/media\/26247"}],"wp:attachment":[{"href":"https:\/\/ddt.lv\/lv\/wp-json\/wp\/v2\/media?parent=26237"}],"wp:term":[{"taxonomy":"product_cat","embeddable":true,"href":"https:\/\/ddt.lv\/lv\/wp-json\/wp\/v2\/product_cat?post=26237"},{"taxonomy":"product_tag","embeddable":true,"href":"https:\/\/ddt.lv\/lv\/wp-json\/wp\/v2\/product_tag?post=26237"},{"taxonomy":"yst_prominent_words","embeddable":true,"href":"https:\/\/ddt.lv\/lv\/wp-json\/wp\/v2\/yst_prominent_words?post=26237"}],"curies":[{"name":"wp","href":"https:\/\/api.w.org\/{rel}","templated":true}]}}