{"id":26215,"date":"2021-04-20T15:00:09","date_gmt":"2021-04-20T12:00:09","guid":{"rendered":"https:\/\/ddt.lv\/lv\/product\/p3538-lukturis-galvas-1w-cob-led-110lm-3xaaa-emos\/"},"modified":"2026-04-13T09:56:56","modified_gmt":"2026-04-13T06:56:56","slug":"p3538-lukturis-galvas-1w-cob-led-110lm-3xaaa-emos","status":"publish","type":"product","link":"https:\/\/ddt.lv\/lv\/product\/p3538-lukturis-galvas-1w-cob-led-110lm-3xaaa-emos\/","title":{"rendered":"P3538 Lukturis galvas 1W COB LED, 110lm (3xAAA)  EMOS"},"content":{"rendered":"<p>Lukturis Emos P3538 ir vienk\u0101r\u0161s un rentabls lukturis. 1 COB LED, kuras priek\u0161roc\u012bba ir t\u0101, ka t\u0101 rada vair\u0101k gaismas nek\u0101, piem\u0113ram, parast\u0101s spuldzes. Lampas sp\u012bd l\u012bdz 15 metriem. Galvenais lukturis ir piem\u0113rots, piem\u0113ram, nakts pastaig\u0101m dab\u0101, un noteikti to nov\u0113rt\u0113s ar\u012b velosip\u0113disti. Gaismu var aptum\u0161ot.apgaismojuma re\u017e\u012bmi: COB LED 100 %, COB LED 50 %, mirgo.<\/p>","protected":false},"excerpt":{"rendered":"<p>Lukturis Emos P3538 ir vienk\u0101r\u0161s un rentabls lukturis. 1 COB LED, kuras priek\u0161roc\u012bba ir t\u0101, ka t\u0101 rada vair\u0101k gaismas nek\u0101, piem\u0113ram, parast\u0101s spuldzes. Lampas sp\u012bd l\u012bdz 15 metriem. Galvenais lukturis ir piem\u0113rots, piem\u0113ram, nakts pastaig\u0101m dab\u0101, un noteikti to nov\u0113rt\u0113s ar\u012b velosip\u0113disti. Gaismu var aptum\u0161ot.apgaismojuma re\u017e\u012bmi: COB LED 100 %, COB LED 50 %, [&hellip;]<\/p>\n","protected":false},"featured_media":26222,"comment_status":"closed","ping_status":"closed","template":"","meta":{"inline_featured_image":false},"product_cat":[727],"product_tag":[],"yst_prominent_words":[],"class_list":{"0":"post-26215","1":"product","2":"type-product","3":"status-publish","4":"has-post-thumbnail","6":"product_cat-galvas","8":"first","9":"instock","10":"taxable","11":"shipping-taxable","12":"purchasable","13":"product-type-simple"},"jetpack_sharing_enabled":true,"_links":{"self":[{"href":"https:\/\/ddt.lv\/lv\/wp-json\/wp\/v2\/product\/26215"}],"collection":[{"href":"https:\/\/ddt.lv\/lv\/wp-json\/wp\/v2\/product"}],"about":[{"href":"https:\/\/ddt.lv\/lv\/wp-json\/wp\/v2\/types\/product"}],"replies":[{"embeddable":true,"href":"https:\/\/ddt.lv\/lv\/wp-json\/wp\/v2\/comments?post=26215"}],"wp:featuredmedia":[{"embeddable":true,"href":"https:\/\/ddt.lv\/lv\/wp-json\/wp\/v2\/media\/26222"}],"wp:attachment":[{"href":"https:\/\/ddt.lv\/lv\/wp-json\/wp\/v2\/media?parent=26215"}],"wp:term":[{"taxonomy":"product_cat","embeddable":true,"href":"https:\/\/ddt.lv\/lv\/wp-json\/wp\/v2\/product_cat?post=26215"},{"taxonomy":"product_tag","embeddable":true,"href":"https:\/\/ddt.lv\/lv\/wp-json\/wp\/v2\/product_tag?post=26215"},{"taxonomy":"yst_prominent_words","embeddable":true,"href":"https:\/\/ddt.lv\/lv\/wp-json\/wp\/v2\/yst_prominent_words?post=26215"}],"curies":[{"name":"wp","href":"https:\/\/api.w.org\/{rel}","templated":true}]}}