{"id":26214,"date":"2021-04-20T14:50:12","date_gmt":"2021-04-20T11:50:12","guid":{"rendered":"https:\/\/ddt.lv\/lv\/product\/18630-2x1watt-led-outdoor-sports-3aaa-galvas-lukturis-varta\/"},"modified":"2026-04-13T09:48:12","modified_gmt":"2026-04-13T06:48:12","slug":"18630-2x1watt-led-outdoor-sports-3aaa-galvas-lukturis-varta","status":"publish","type":"product","link":"https:\/\/ddt.lv\/lv\/product\/18630-2x1watt-led-outdoor-sports-3aaa-galvas-lukturis-varta\/","title":{"rendered":"18630 2x1WATT LED OUTDOOR SPORTS 3AAA galvas Lukturis VARTA"},"content":{"rendered":"<p>\u013boti viegls ar regul\u0113jamu galvas saiti, Varta lukturis izgaismos j\u016bsu nakts piedz\u012bvojumus. \u0160is iztur\u012bgais lukturis ir iztur\u012bgs pret \u016bdeni un triecieniem, padarot to lieliski piem\u0113rotu kempingiem, p\u0101rg\u0101jieniem, nakts pastaig\u0101m, skrie\u0161anai,rite\u0146brauk\u0161anai un cit\u0101m \u0101ra aktivit\u0101t\u0113m.<\/p>","protected":false},"excerpt":{"rendered":"<p>\u013boti viegls ar regul\u0113jamu galvas saiti, Varta lukturis izgaismos j\u016bsu nakts piedz\u012bvojumus. \u0160is iztur\u012bgais lukturis ir iztur\u012bgs pret \u016bdeni un triecieniem, padarot to lieliski piem\u0113rotu kempingiem, p\u0101rg\u0101jieniem, nakts pastaig\u0101m, skrie\u0161anai,rite\u0146brauk\u0161anai un cit\u0101m \u0101ra aktivit\u0101t\u0113m.<\/p>\n","protected":false},"featured_media":26216,"comment_status":"closed","ping_status":"closed","template":"","meta":{"inline_featured_image":false},"product_cat":[772,727],"product_tag":[],"yst_prominent_words":[],"class_list":{"0":"post-26214","1":"product","2":"type-product","3":"status-publish","4":"has-post-thumbnail","6":"product_cat-atlaides","7":"product_cat-galvas","9":"first","10":"instock","11":"sale","12":"taxable","13":"shipping-taxable","14":"purchasable","15":"product-type-simple"},"jetpack_sharing_enabled":true,"_links":{"self":[{"href":"https:\/\/ddt.lv\/lv\/wp-json\/wp\/v2\/product\/26214"}],"collection":[{"href":"https:\/\/ddt.lv\/lv\/wp-json\/wp\/v2\/product"}],"about":[{"href":"https:\/\/ddt.lv\/lv\/wp-json\/wp\/v2\/types\/product"}],"replies":[{"embeddable":true,"href":"https:\/\/ddt.lv\/lv\/wp-json\/wp\/v2\/comments?post=26214"}],"wp:featuredmedia":[{"embeddable":true,"href":"https:\/\/ddt.lv\/lv\/wp-json\/wp\/v2\/media\/26216"}],"wp:attachment":[{"href":"https:\/\/ddt.lv\/lv\/wp-json\/wp\/v2\/media?parent=26214"}],"wp:term":[{"taxonomy":"product_cat","embeddable":true,"href":"https:\/\/ddt.lv\/lv\/wp-json\/wp\/v2\/product_cat?post=26214"},{"taxonomy":"product_tag","embeddable":true,"href":"https:\/\/ddt.lv\/lv\/wp-json\/wp\/v2\/product_tag?post=26214"},{"taxonomy":"yst_prominent_words","embeddable":true,"href":"https:\/\/ddt.lv\/lv\/wp-json\/wp\/v2\/yst_prominent_words?post=26214"}],"curies":[{"name":"wp","href":"https:\/\/api.w.org\/{rel}","templated":true}]}}