{"id":26203,"date":"2021-04-19T12:50:12","date_gmt":"2021-04-19T09:50:12","guid":{"rendered":"https:\/\/ddt.lv\/lv\/product\/lukturis-uzladejams-cob-led-2000lm-salokams-ar-magnetu-emos\/"},"modified":"2026-04-06T10:57:34","modified_gmt":"2026-04-06T07:57:34","slug":"lukturis-uzladejams-cob-led-2000lm-salokams-ar-magnetu-emos","status":"publish","type":"product","link":"https:\/\/ddt.lv\/lv\/product\/lukturis-uzladejams-cob-led-2000lm-salokams-ar-magnetu-emos\/","title":{"rendered":"Lukturis uzl\u0101d\u0113jams COB LED 2000lm salokams ar magn\u0113tu EMOS"},"content":{"rendered":"<p>Maksim\u0101l\u0101 gaismas jauda 2 000 lm.Akumulators Li-Ion 8 000 mAh \/ 3,7 V.Gaismas avots 2 \u00d7 COB LED.Uzl\u0101des laiks 7 st.<br \/>\nMaksim\u0101lais stara att\u0101lums 70 m.Darb\u012bbas laiks 3,5 &#8211; 14,5 stundas.<\/p>\n<p> <\/p>","protected":false},"excerpt":{"rendered":"<p>Maksim\u0101l\u0101 gaismas jauda 2 000 lm.Akumulators Li-Ion 8 000 mAh \/ 3,7 V.Gaismas avots 2 \u00d7 COB LED.Uzl\u0101des laiks 7 st. Maksim\u0101lais stara att\u0101lums 70 m.Darb\u012bbas laiks 3,5 &#8211; 14,5 stundas.<\/p>\n","protected":false},"featured_media":26204,"comment_status":"closed","ping_status":"closed","template":"","meta":{"inline_featured_image":false},"product_cat":[728],"product_tag":[],"yst_prominent_words":[],"class_list":{"0":"post-26203","1":"product","2":"type-product","3":"status-publish","4":"has-post-thumbnail","6":"product_cat-ar-magnetu","8":"first","9":"instock","10":"taxable","11":"shipping-taxable","12":"purchasable","13":"product-type-simple"},"jetpack_sharing_enabled":true,"_links":{"self":[{"href":"https:\/\/ddt.lv\/lv\/wp-json\/wp\/v2\/product\/26203"}],"collection":[{"href":"https:\/\/ddt.lv\/lv\/wp-json\/wp\/v2\/product"}],"about":[{"href":"https:\/\/ddt.lv\/lv\/wp-json\/wp\/v2\/types\/product"}],"replies":[{"embeddable":true,"href":"https:\/\/ddt.lv\/lv\/wp-json\/wp\/v2\/comments?post=26203"}],"wp:featuredmedia":[{"embeddable":true,"href":"https:\/\/ddt.lv\/lv\/wp-json\/wp\/v2\/media\/26204"}],"wp:attachment":[{"href":"https:\/\/ddt.lv\/lv\/wp-json\/wp\/v2\/media?parent=26203"}],"wp:term":[{"taxonomy":"product_cat","embeddable":true,"href":"https:\/\/ddt.lv\/lv\/wp-json\/wp\/v2\/product_cat?post=26203"},{"taxonomy":"product_tag","embeddable":true,"href":"https:\/\/ddt.lv\/lv\/wp-json\/wp\/v2\/product_tag?post=26203"},{"taxonomy":"yst_prominent_words","embeddable":true,"href":"https:\/\/ddt.lv\/lv\/wp-json\/wp\/v2\/yst_prominent_words?post=26203"}],"curies":[{"name":"wp","href":"https:\/\/api.w.org\/{rel}","templated":true}]}}